{"id":996,"date":"2023-05-14T14:50:05","date_gmt":"2023-05-14T12:50:05","guid":{"rendered":"https:\/\/hyvinvointivaltio.fi\/?page_id=996"},"modified":"2023-05-15T09:46:03","modified_gmt":"2023-05-15T07:46:03","slug":"hyvinvointivaltion-vaalijat-ry-vuosikokous-2023","status":"publish","type":"page","link":"https:\/\/hyvinvointivaltio.fi\/?page_id=996","title":{"rendered":"Hyvinvointivaltion vaalijat ry vuosikokous 2023"},"content":{"rendered":"\n<p>Hyvinvointivaltion vaalijoiden vuosikokous<\/p>\n\n\n\n<p>Aika: \u00a023.5.2023 klo 16.30<\/p>\n\n\n\n<p>Paikka: Kirjasto Oodi, ryhm\u00e4tila 2 ja netiss\u00e4, jossa ei \u00e4\u00e4nestysoikeutta<\/p>\n\n\n\n<p>Yhdistyksen vuosikokouksessa k\u00e4sitell\u00e4\u00e4n seuraavat asiat:<br>1. kokouksen avaus<br>2. valitaan kokouksen puheenjohtaja, sihteeri, kaksi p\u00f6yt\u00e4kirjantarkastajaa ja tarvittaessa kaksi \u00e4\u00e4ntenlaskijaa<br>3. todetaan kokouksen laillisuus ja p\u00e4\u00e4t\u00f6svaltaisuus<br>4. hyv\u00e4ksyt\u00e4\u00e4n kokouksen ty\u00f6j\u00e4rjestys<br>5. esitet\u00e4\u00e4n tilinp\u00e4\u00e4t\u00f6s, vuosikertomus ja tilintarkastajien lausunto<br>6. p\u00e4\u00e4tet\u00e4\u00e4n tilinp\u00e4\u00e4t\u00f6ksen vahvistamisesta ja vastuuvapauden my\u00f6nt\u00e4misest\u00e4 hallitukselle ja muille vastuuvelvollisille<br>7. vahvistetaan toimintasuunnitelma, tulo- ja menoarvio sek\u00e4 liittymis- ja j\u00e4senmaksujen suuruudet<br>8. valitaan hallituksen puheenjohtaja ja muut j\u00e4senet<br>9. valitaan yksi tai kaksi tilintarkastajaa ja heille varatilintarkastajat<br>10. k\u00e4sitell\u00e4\u00e4n muut kokouskutsussa mainitut asiat.<\/p>\n\n\n\n<p>Vuosikokous voi lis\u00e4ksi valita yhdistykselle neuvottelukunnan, johon kuuluu v\u00e4hint\u00e4\u00e4n 15 ja enint\u00e4\u00e4n 50 j\u00e4sent\u00e4 ja jonka teht\u00e4v\u00e4n\u00e4 on toimia neuvoa antavana elimen\u00e4 yhdistyksen toiminnan suunnittelussa.<\/p>\n\n\n\n<p>Mik\u00e4li yhdistyksen j\u00e4sen haluaa saada jonkin asian yhdistyksen vuosikokouksen k\u00e4sitelt\u00e4v\u00e4ksi, on h\u00e4nen ilmoitettava siit\u00e4 kirjallisesti hallitukselle niin hyviss\u00e4 ajoin, ett\u00e4 asia voidaan sis\u00e4llytt\u00e4\u00e4 kokouskutsuun.<\/p>\n\n\n\n<p>Asiakirjat:<\/p>\n\n\n\n<p><strong>Hyvinvointivaltion vaalijat ry:n toimintakertomus vuodelta 2022<\/strong><\/p>\n\n\n\n<p>HYVA on yhdistys, joka ker\u00e4\u00e4 ja jakaa tietoa pohjoismaisen hyvinvointivaltion paremmuudesta verrattuna muihin valtiollisiin j\u00e4rjestelmiin. T\u00e4m\u00e4n periaatteen mukaisesti on toimittu vuonna 2022.<\/p>\n\n\n\n<p>Hallinto:<\/p>\n\n\n\n<p>Hallitukseen ovat kuuluneet puheenjohtajana Juha Nurmela, Anja-Riitta Ketokoski (varapuheenjohtaja), Raisa Baer (sihteeri) Einari Rautio. (rahastonhoitaja,), Leena Er\u00e4saari, Irene Nummela, Olli Nylander, Katja Paavilainen, Tuula Vuori-Salo, Sauli Hyv\u00e4ri, Sari N\u00e4re ja Johanna Helle. Hallitus kokoontui kuusikertaa.<\/p>\n\n\n\n<p>Toiminnantarkastajana oli Leena Hietaniemi ja varatoiminnantarkastajana Olli Salin.<\/p>\n\n\n\n<p>HYVAN postituslistalla oli 128 hyvalaista, joista 88 maksoi 15 euron j\u00e4senmaksun.<\/p>\n\n\n\n<p>Tilinkauden tulos oli -152,86 yli\/alij\u00e4\u00e4m\u00e4inen.<\/p>\n\n\n\n<p>S\u00e4\u00e4nt\u00f6m\u00e4\u00e4r\u00e4inen vuosikokous pidettiin maanantai 27.5.2021 Nurmelan kotona, Loviseholmin polku 8 B 27 ja netitse.&nbsp;<\/p>\n\n\n\n<p>Toiminta:<\/p>\n\n\n\n<p>Koronasta johtuen toiminta on ollut v\u00e4h\u00e4ist\u00e4, keskustelutilaisuuksia ei ole j\u00e4rjestetty. My\u00f6s Suomen sosiaalifoorumi on ollut tauolla.<\/p>\n\n\n\n<p>Anja-Riitta Ketokoski oli HYVAn edustajana Bien perustuloverkostossa ja Suomen YK-liitossa.&nbsp; HYVAn edustaja EAPN-Finiss\u00e4 oli Leena Er\u00e4saari.<\/p>\n\n\n\n<p>Osallisuus-media sivustoa pidettiin aktiivisena. Vuoden alkupuolella Kallavuo ja Nurmela toimittivat Osalllisuus-mediaa talkooty\u00f6n\u00e4. Artikkeleita julkaistiin 2-3 \/kk.&nbsp; Hein\u00e4kuun alusta Kallavuo on toimittanut Osallisuus-Mediaan palkkatuella, joka jatkuu kes\u00e4kuun loppuun 2023. Kaikkiaan artikkeleita on vajaa 400. Loppuvuodesta Kallavuon aloitti podcastin tuottamisen opiskelun. Ensimm\u00e4iset kokeilut valmistuivat joulukuussa. Tavoitteena on muutaman podcast haastattelun teko vuodan 2023 alkupuolella. Artikkeleita on loppuvuodesta julkaistu yksi viikossa, jotta podcast opiskelulle on aikaa 20 tunnin ty\u00f6viikon puitteissa.<\/p>\n\n\n\n<p>Kotisivun <a href=\"http:\/\/www.hyvoinvointivalio.fi\">www.hyvoinvointivalio.fi<\/a> sivuston uudistamista pohdittiin parissa kokouksessa. Todettiin, ett\u00e4 se vaatii paljon ty\u00f6t\u00e4. P\u00e4\u00e4dyttiin siihen, ett\u00e4 uudistusta ei tehd\u00e4 vuonna 2022.<\/p>\n\n\n\n<p>Yhdistyksen kotisivu (www.hyvinvointivaltio.fi) on Zooner palvelimella (www.zoner.fi). Vuotuinen yll\u00e4pitokustannus on merkitt\u00e4v\u00e4 menoer\u00e4, kuten my\u00f6s Osallisuus-median yll\u00e4pito.<\/p>\n\n\n\n<p>Koko vuoden ajan tiedotettiin hyvalaisista tilaisuuksista, Osallisuus-median ja muista artikkeleista sek\u00e4 julkaisuista HYVAN postituslistalla oleville ja HYVAn Facebook ryhm\u00e4ss\u00e4.<\/p>\n\n\n\n<p>Hyvinvointivaltion vaalijat ry:n hallitus 25.4.2023<\/p>\n\n\n\n<p>&#8212;&#8212;&#8212;&#8212;&#8212;&#8212;&#8212;&#8212;&#8212;&#8212;&#8212;&#8212;&#8212;&#8212;&#8212;&#8212;&#8212;&#8212;&#8212;&#8212;&#8212;&#8212;&#8212;&#8212;&#8212;&#8212;&#8212;&#8212;&#8212;&#8212;&#8212;&#8212;&#8212;&#8212;-<\/p>\n\n\n\n<p><strong>Hyvinvointivaltion vaalijat ry:n toimintasuunnitelma vuodelle 2023<\/strong><\/p>\n\n\n\n<p>Vuonna 2022 HYVA jatkaa pohjoismaisen hyvinvointivaltion vaalimista j\u00e4rjest\u00e4en seminaareja ja ty\u00f6pajoja yksin ja yhdess\u00e4 muiden yhdistysten kanssa sek\u00e4 toimimalla pohjoismaisen hyvinvointivaltion puolesta julkisuudessa. Omat tilaisuudet pyrit\u00e4\u00e4n tallentamaan kotisivuille.<\/p>\n\n\n\n<p>Vuosikokouksen lis\u00e4ksi on mm. seuraavaa toimintaa: HYVA jatkaa Suomen YK-liiton ja EAPN-Finin sek\u00e4 BIEN-perustuloverkoston j\u00e4senen\u00e4. Sari N\u00e4re j\u00e4rjesti Ty\u00f6tt\u00f6m\u00e4t pois kyykyst\u00e4 keskustelutilaisuuden helmikuussa. Osallistutaan Tampereen sosiaalifoorumiin helatorstaina veroteemalla (alustaja Ari Ojapelto) ja Suomen sosiaalifoorumiin syksyll\u00e4, jos se j\u00e4rjestet\u00e4\u00e4n.<\/p>\n\n\n\n<p>Jatketaan Osallisuusmedia.fi sivuston yll\u00e4pitoa ja toimittamista. Tavoitteena on saada eri tahot huomaamaan yhteisty\u00f6mahdollisuudet suomalaisten oikeuksien ja hyvinvoinnin puolustamisessa. Hankkeessa yritet\u00e4\u00e4n saada j\u00e4rjest\u00f6t yms. tuottamaan uutissivustolle artikkeleita ja toivottavasti osallistumaan kustannuksiin.<\/p>\n\n\n\n<p>Tavoitteena julkaista my\u00f6s jokunen podcast haastattelu vuoden 2023 aikana. Maaliskuussa valmistuivat P\u00e4ivi Uljaksen ja Thomas Wallgrenin podcasthaastattelut.<\/p>\n\n\n\n<p>Tuetaan mahdollisuuksien mukaan eri paikkakuntien sosiaalifoorumeita sek\u00e4 muita vastaavia, hyvalaisten j\u00e4rjest\u00e4mi\u00e4, tilaisuuksia.<\/p>\n\n\n\n<p>J\u00e4rjestet\u00e4\u00e4n mahdollisuuksien mukaan seminaari- ja keskustelutilaisuuksia hyvinvointivaltioon liittyvist\u00e4 aiheista yksin tai kumppaneiden kanssa.<\/p>\n\n\n\n<p>Tiedotetaan hyvalaisista tapahtumista, artikkeleista ja julkaisuista postituslistalla ja Facebook ryhm\u00e4ss\u00e4. HYVA viestitt\u00e4\u00e4 postituslistalla my\u00f6s hyvalaisista kansalaisaloitteista kannustaen niiden allekirjoittamiseen.<\/p>\n\n\n\n<p>Vuonna 2022 p\u00e4\u00e4tettiin vuoden 2023 eduskuntavaalien HYVN teemaksi vanhojen ihmisten olojen parantaminen. HYVA julkaisi omat vaaliteemat ik\u00e4ihmisten oikeuksista helmikuussa. Niille yritet\u00e4\u00e4n saada laajaa julkisuutta.<\/p>\n\n\n\n<p>Seurataan, mit\u00e4 eduskuntavaalien tulos, hintojen nousu sek\u00e4 Ven\u00e4j\u00e4n ja Ukrainan sota tuo tullessaan k\u00f6yhille ja ylip\u00e4\u00e4ns\u00e4 hyvinvointivaltiolle.<\/p>\n\n\n\n<p>K\u00e4ynnistet\u00e4\u00e4n neuvottelut Vapaus valita toisin ry:n ja muiden kiinnostuneiden yhdistysten kanssa yhdistymiseksi uudeksi yhdistykseksi. HYVA on valmis yhteistoimintaan my\u00f6s ilmaston l\u00e4mpenemisen hidastamiseksi.<\/p>\n\n\n\n<p>Pyrit\u00e4\u00e4n kasvattamaan j\u00e4senm\u00e4\u00e4r\u00e4\u00e4 ja hankkimaan tukimaksuja.<\/p>\n\n\n\n<p>Juha Nurmela<\/p>\n\n\n\n<p><\/p>\n\n\n\n<p>Puheenjohtaja<\/p>\n\n\n\n<p><\/p>\n\n\n\n<p>Vuoden 2023 talousarvio esitell\u00e4\u00e4n kokouksessa<\/p>\n\n\n\n<p>Linkki  tilinp\u00e4\u00e4t\u00f6kseen:<\/p>\n\n\n\n<div class=\"wp-block-file\"><a id=\"wp-block-file--media-bcfb9cad-57d9-41b5-94aa-81cee28a57d1\" href=\"https:\/\/hyvinvointivaltio.fi\/wp-content\/uploads\/2023\/05\/hyva_tilinpaatos_2022.pdf\">hyva_tilinpaatos_2022<\/a><a href=\"https:\/\/hyvinvointivaltio.fi\/wp-content\/uploads\/2023\/05\/hyva_tilinpaatos_2022.pdf\" class=\"wp-block-file__button wp-element-button\" download aria-describedby=\"wp-block-file--media-bcfb9cad-57d9-41b5-94aa-81cee28a57d1\">Lataa<\/a><\/div>\n","protected":false},"excerpt":{"rendered":"\n<p>Hyvinvointivaltion vaalijoiden vuosikokous<\/p>\n<p>Aika: 23.5.2023 klo 16.30<\/p>\n<p>Paikka: Kirjasto Oodi, ryhm\u00e4tila 2 ja netiss\u00e4, jossa ei \u00e4\u00e4nestysoikeutta<\/p>\n<p>Yhdistyksen vuosikokouksessa k\u00e4sitell\u00e4\u00e4n seuraavat asiat:1. kokouksen avaus2. valitaan kokouksen puheenjohtaja, sihteeri, kaksi p\u00f6yt\u00e4kirjantarkastajaa ja tarvittaessa kaksi \u00e4\u00e4ntenlaskijaa3. todetaan kokouksen laillisuus ja p\u00e4\u00e4t\u00f6svaltaisuus4. hyv\u00e4ksyt\u00e4\u00e4n kokouksen ty\u00f6j\u00e4rjestys5. esitet\u00e4\u00e4n tilinp\u00e4\u00e4t\u00f6s, vuosikertomus ja tilintarkastajien lausunto6. p\u00e4\u00e4tet\u00e4\u00e4n tilinp\u00e4\u00e4t\u00f6ksen vahvistamisesta ja vastuuvapauden my\u00f6nt\u00e4misest\u00e4 [&#8230;]<\/p>\n","protected":false},"author":2,"featured_media":0,"parent":0,"menu_order":0,"comment_status":"closed","ping_status":"closed","template":"","meta":{"footnotes":""},"class_list":["post-996","page","type-page","status-publish","hentry","odd"],"_links":{"self":[{"href":"https:\/\/hyvinvointivaltio.fi\/index.php?rest_route=\/wp\/v2\/pages\/996","targetHints":{"allow":["GET"]}}],"collection":[{"href":"https:\/\/hyvinvointivaltio.fi\/index.php?rest_route=\/wp\/v2\/pages"}],"about":[{"href":"https:\/\/hyvinvointivaltio.fi\/index.php?rest_route=\/wp\/v2\/types\/page"}],"author":[{"embeddable":true,"href":"https:\/\/hyvinvointivaltio.fi\/index.php?rest_route=\/wp\/v2\/users\/2"}],"replies":[{"embeddable":true,"href":"https:\/\/hyvinvointivaltio.fi\/index.php?rest_route=%2Fwp%2Fv2%2Fcomments&post=996"}],"version-history":[{"count":11,"href":"https:\/\/hyvinvointivaltio.fi\/index.php?rest_route=\/wp\/v2\/pages\/996\/revisions"}],"predecessor-version":[{"id":1025,"href":"https:\/\/hyvinvointivaltio.fi\/index.php?rest_route=\/wp\/v2\/pages\/996\/revisions\/1025"}],"wp:attachment":[{"href":"https:\/\/hyvinvointivaltio.fi\/index.php?rest_route=%2Fwp%2Fv2%2Fmedia&parent=996"}],"curies":[{"name":"wp","href":"https:\/\/api.w.org\/{rel}","templated":true}]}}