{"id":976,"date":"2022-05-17T18:34:15","date_gmt":"2022-05-17T16:34:15","guid":{"rendered":"https:\/\/hyvinvointivaltio.fi\/?page_id=976"},"modified":"2022-05-17T18:45:02","modified_gmt":"2022-05-17T16:45:02","slug":"hyvan-vuosikokous-25-5-2022-klo-18","status":"publish","type":"page","link":"https:\/\/hyvinvointivaltio.fi\/?page_id=976","title":{"rendered":"HYVAN vuosikokous 25.5.2022 klo 18"},"content":{"rendered":"\n<p class=\"has-large-font-size\"><strong><mark style=\"background-color:rgba(0, 0, 0, 0)\" class=\"has-inline-color has-black-color\">Paikka: kirjasto Oodi ryhm\u00e4tila 3 ja verkossa<\/mark><\/strong><\/p>\n\n\n\n<h3 class=\"wp-block-heading\">10. Yhdistyksen kokousten koollekutsuminen<\/h3>\n\n\n\n<p>Hallituksen on kutsuttava yhdistyksen kokoukset koolle v\u00e4hint\u00e4\u00e4n seitsem\u00e4n vuorokautta ennen kokousta s\u00e4hk\u00f6postilla j\u00e4senen ilmoittamaan osoitteeseen tai postitse.<\/p>\n\n\n\n<h3 class=\"wp-block-heading\">11. Vuosikokous<\/h3>\n\n\n\n<p>Yhdistyksen vuosikokouksessa k\u00e4sitell\u00e4\u00e4n seuraavat asiat:<br>1. kokouksen avaus<br>2. valitaan kokouksen puheenjohtaja, sihteeri, kaksi p\u00f6yt\u00e4kirjantarkastajaa ja tarvittaessa kaksi \u00e4\u00e4ntenlaskijaa<br>3. todetaan kokouksen laillisuus ja p\u00e4\u00e4t\u00f6svaltaisuus<br>4. hyv\u00e4ksyt\u00e4\u00e4n kokouksen ty\u00f6j\u00e4rjestys<br>5. esitet\u00e4\u00e4n tilinp\u00e4\u00e4t\u00f6s, vuosikertomus ja tilintarkastajien lausunto<br>6. p\u00e4\u00e4tet\u00e4\u00e4n tilinp\u00e4\u00e4t\u00f6ksen vahvistamisesta ja vastuuvapauden my\u00f6nt\u00e4misest\u00e4 hallitukselle ja muille vastuuvelvollisille<br>7. vahvistetaan toimintasuunnitelma, tulo- ja menoarvio sek\u00e4 liittymis- ja j\u00e4senmaksujen suuruudet<br>8. valitaan hallituksen puheenjohtaja ja muut j\u00e4senet<br>9. valitaan yksi tai kaksi tilintarkastajaa ja heille varatilintarkastajat<br>10. k\u00e4sitell\u00e4\u00e4n muut kokouskutsussa mainitut asiat.<\/p>\n\n\n\n<p>Vuosikokous voi lis\u00e4ksi valita yhdistykselle neuvottelukunnan, johon kuuluu v\u00e4hint\u00e4\u00e4n 15 ja enint\u00e4\u00e4n 50 j\u00e4sent\u00e4 ja jonka teht\u00e4v\u00e4n\u00e4 on toimia neuvoa antavana elimen\u00e4 yhdistyksen toiminnan suunnittelussa.<\/p>\n\n\n\n<p>Mik\u00e4li yhdistyksen j\u00e4sen haluaa saada jonkin asian yhdistyksen vuosikokouksen k\u00e4sitelt\u00e4v\u00e4ksi, on h\u00e4nen ilmoitettava siit\u00e4 kirjallisesti hallitukselle niin hyviss\u00e4 ajoin, ett\u00e4 asia voidaan sis\u00e4llytt\u00e4\u00e4 kokouskutsuun.<\/p>\n\n\n\n<p><strong>Hyvinvointivaltion vaalijat ry:n toimintakertomus vuodelta 2021<\/strong><\/p>\n\n\n\n<p>HYVA on yhdistys, joka ker\u00e4\u00e4 ja jakaa tietoa pohjoismaisen hyvinvointivaltion paremmuudesta muihin valtiollisiin j\u00e4rjestelmiin verrattuna. T\u00e4m\u00e4n periaatteen mukaisesti on toimittu vuonna 2021.<\/p>\n\n\n\n<p>Hallinto:<\/p>\n\n\n\n<p>Hallitukseen ovat kuuluneet puheenjohtajana Juha Nurmela, Anja-Riitta Ketokoski (varapuheenjohtaja), Raisa Baer (sihteeri), Sini Askelo (rahastonhoitaja, 1.1.- 30.6.2021), Einari Rautio. (rahastonhoitaja, 1.7.-31.12.2021), Leena Er\u00e4saari, Irene Nummela, Olli Nylander, Sari Vesikansa, Pekka Elonheimo, Katja Paavilainen ja Kati Peltola. Hallitus kokoontui nelj\u00e4 kertaa.<\/p>\n\n\n\n<p>Toiminnantarkastajana oli Leena Hietaniemi ja varatoiminnantarkastajana Olli Salin.<\/p>\n\n\n\n<p>HYVAN postituslistalla oli 132 hyvalaista, joista 65 maksoi 15 euron j\u00e4senmaksun.<\/p>\n\n\n\n<p>Tilinkauden tulos oli 185,85 euroa alij\u00e4\u00e4m\u00e4inen.<\/p>\n\n\n\n<p>S\u00e4\u00e4nt\u00f6m\u00e4\u00e4r\u00e4inen vuosikokous pidettiin maanantai 27.5.2021. Nurmelan kotona, Loviseholmin polku 8 B 27 ja netitse.&nbsp;<\/p>\n\n\n\n<p>Toiminta:<\/p>\n\n\n\n<p>Koronasta johtuen toiminta on ollut v\u00e4h\u00e4ist\u00e4, keskustelutilaisuuksia ei ole j\u00e4rjestetty. My\u00f6s Suomen sosiaalifoorumi on ollut tauolla.<\/p>\n\n\n\n<p>Anja-Riitta Ketokoski on ollut HYVAn edustajana Bien perustuloverkostossa ja Suomen YK-liitossa.&nbsp; HYVAn edustaja EAPN-Finiss\u00e4 oli Leena Er\u00e4saari.<\/p>\n\n\n\n<p>Osallisuus-media sivustoa pidettiin aktiivisena. Vuoden aikana Kallavuo ja Nurmela toimittivat Osalllisuus-mediaa talkooty\u00f6n\u00e4. Artikkeleita julkaistiin 2-3 \/kk. Kaikkiaan niit\u00e4 on noin 360.<\/p>\n\n\n\n<p>Yhdistyksen kotisivu (www.hyvinvointivaltio.fi) on Zooner palvelimella (www.zoner.fi). Vuotuinen yll\u00e4pitokustannus on merkitt\u00e4v\u00e4 menoer\u00e4, kuten my\u00f6s Osallisuus-median yll\u00e4pito.<\/p>\n\n\n\n<p>Koko vuoden ajan tiedotettiin hyvalaisista tilaisuuksista, Osallisuus-median ja muista artikkeleista sek\u00e4 julkaisuista HYVAN postituslistalla oleville ja HYVAn Facebook ryhm\u00e4ss\u00e4.<\/p>\n\n\n\n<p>Hyvinvointivaltion vaalijat ry:n hallitus 11.4.2022<\/p>\n\n\n\n<p><strong>HYVAN toimintasuunnitelma vuodelle 2022<\/strong><\/p>\n\n\n\n<p>Vuonna 2022 HYVA jatkaa pohjoismaisen hyvinvointivaltion vaalimista j\u00e4rjest\u00e4en seminaareja ja ty\u00f6pajoja yksin ja yhdess\u00e4 muiden yhdistysten kanssa sek\u00e4 toimimalla pohjoismaisen hyvinvointivaltion puolesta julkisuudessa. Omat tilaisuudet pyrit\u00e4\u00e4n tallentamaan kotisivuille.<\/p>\n\n\n\n<p>Vuosikokouksen lis\u00e4ksi on mm. seuraavaa toimintaa: HYVA jatkaa Suomen YK-liiton ja EAPN-Finin sek\u00e4 BIEN-perustuloverkoston j\u00e4senen\u00e4. Osallistutaan Suomen sosiaalifoorumiin, jos se j\u00e4rjestet\u00e4\u00e4n.<\/p>\n\n\n\n<p>Tuetaan mahdollisuuksien mukaan eri paikkakuntien sosiaalifoorumeita sek\u00e4 muita vastaavia, hyvalaisten j\u00e4rjest\u00e4mi\u00e4, tilaisuuksia.<\/p>\n\n\n\n<p>J\u00e4rjestet\u00e4\u00e4n mahdollisuuksien mukaan seminaari- ja keskustelutilaisuuksia hyvinvointivaltioon liittyvist\u00e4 aiheista yksin tai kumppaneiden kanssa.<\/p>\n\n\n\n<p>Tiedotetaan hyvalaisista tapahtumista, artikkeleista ja julkaisuista postituslistalla ja Facebook ryhm\u00e4ss\u00e4. HYVA viestitt\u00e4\u00e4 postituslistalla my\u00f6s hyvalaisista kansalaisaloitteista kannustaen niiden allekirjoittamiseen.<\/p>\n\n\n\n<p>Jatketaan Osallisuusmedia.fi sivuston yll\u00e4pitoa ja toimittamista. HYVA saanee palkkatukea hein\u00e4kuun alusta Mikael Kallavuon palkkaamiseen puolip\u00e4iv\u00e4iseksi taittaja\/toimittajaksi mahdollisesti jopa vuodeksi. Tavoitteena olisi saada eri tahot huomaamaan yhteisty\u00f6mahdollisuudet suomalaisten oikeuksien ja hyvinvoinnin puolustamisessa. Hankkeessa yritet\u00e4\u00e4n saada j\u00e4rjest\u00f6t yms. tuottamaan uutissivustolle artikkeleita ja toivottavasti osallistumaan kustannuksiin.<\/p>\n\n\n\n<p>Uudistetaan www.hyvinointivaltio.fi nettisivut<\/p>\n\n\n\n<p><em>K\u00e4ynnistet\u00e4\u00e4n neuvottelut Vapaus valita toisin ry:n ja muiden kiinnostuneiden yhdistysten kanssa yhdistymiseksi uudeksi yhdistykseksi.<\/em><\/p>\n\n\n\n<p><em>Vuoden 2023 vaalien teemaksi yritet\u00e4\u00e4n nostaa yhdess\u00e4 kumppaneiden kanssa vanhojen ihmisten olojen parantaminen.<\/em><\/p>\n\n\n\n<p><em>Seurataan, mit\u00e4 hintojen nousu sek\u00e4 Ven\u00e4j\u00e4n ja Ukrainan sota sek\u00e4 Natoon liittyminen tuo tullessaan k\u00f6yhille ja ylip\u00e4\u00e4ns\u00e4 hyvinvointivaltiolle.<\/em><\/p>\n\n\n\n<p><em>HYVA on halukas yhteistoimintaan my\u00f6s ilmaston l\u00e4mpenemisen hidastamiseks<\/em>i<\/p>\n\n\n\n<p>Pyrit\u00e4\u00e4n kasvattamaan j\u00e4senm\u00e4\u00e4r\u00e4\u00e4 ja hankkimaan tukimaksuja.<\/p>\n\n\n\n<p>Juha Nurmela<\/p>\n","protected":false},"excerpt":{"rendered":"\n<p class=\"has-large-font-size\">Paikka: kirjasto Oodi ryhm\u00e4tila 3 ja verkossa<\/p>\n<p> 10. Yhdistyksen kokousten koollekutsuminen <\/p>\n<p>Hallituksen on kutsuttava yhdistyksen kokoukset koolle v\u00e4hint\u00e4\u00e4n seitsem\u00e4n vuorokautta ennen kokousta s\u00e4hk\u00f6postilla j\u00e4senen ilmoittamaan osoitteeseen tai postitse.<\/p>\n<p> 11. Vuosikokous <\/p>\n<p>Yhdistyksen vuosikokouksessa k\u00e4sitell\u00e4\u00e4n seuraavat asiat:1. kokouksen avaus2. valitaan kokouksen puheenjohtaja, sihteeri, kaksi p\u00f6yt\u00e4kirjantarkastajaa ja tarvittaessa kaksi \u00e4\u00e4ntenlaskijaa3. todetaan kokouksen laillisuus ja p\u00e4\u00e4t\u00f6svaltaisuus4. hyv\u00e4ksyt\u00e4\u00e4n [&#8230;]<\/p>\n","protected":false},"author":2,"featured_media":0,"parent":0,"menu_order":0,"comment_status":"closed","ping_status":"closed","template":"","meta":{"footnotes":""},"class_list":["post-976","page","type-page","status-publish","hentry","odd"],"_links":{"self":[{"href":"https:\/\/hyvinvointivaltio.fi\/index.php?rest_route=\/wp\/v2\/pages\/976","targetHints":{"allow":["GET"]}}],"collection":[{"href":"https:\/\/hyvinvointivaltio.fi\/index.php?rest_route=\/wp\/v2\/pages"}],"about":[{"href":"https:\/\/hyvinvointivaltio.fi\/index.php?rest_route=\/wp\/v2\/types\/page"}],"author":[{"embeddable":true,"href":"https:\/\/hyvinvointivaltio.fi\/index.php?rest_route=\/wp\/v2\/users\/2"}],"replies":[{"embeddable":true,"href":"https:\/\/hyvinvointivaltio.fi\/index.php?rest_route=%2Fwp%2Fv2%2Fcomments&post=976"}],"version-history":[{"count":3,"href":"https:\/\/hyvinvointivaltio.fi\/index.php?rest_route=\/wp\/v2\/pages\/976\/revisions"}],"predecessor-version":[{"id":981,"href":"https:\/\/hyvinvointivaltio.fi\/index.php?rest_route=\/wp\/v2\/pages\/976\/revisions\/981"}],"wp:attachment":[{"href":"https:\/\/hyvinvointivaltio.fi\/index.php?rest_route=%2Fwp%2Fv2%2Fmedia&parent=976"}],"curies":[{"name":"wp","href":"https:\/\/api.w.org\/{rel}","templated":true}]}}