{"id":937,"date":"2021-05-17T11:32:04","date_gmt":"2021-05-17T09:32:04","guid":{"rendered":"http:\/\/www.hyvinvointivaltio.fi\/?page_id=937"},"modified":"2021-05-24T13:36:46","modified_gmt":"2021-05-24T11:36:46","slug":"hyvan-vuosikokous-2021","status":"publish","type":"page","link":"https:\/\/hyvinvointivaltio.fi\/?page_id=937","title":{"rendered":"Hyvan vuosikokous 2021"},"content":{"rendered":"\n<p>Torstaina 27.5.2021 klo17.00 Loviseholminpolku 8 B 27. Hki ja netitse.<\/p>\n\n\n\n<p>Linkki alla  ja s\u00e4hk\u00f6postissa<\/p>\n\n\n\n<p>Join Zoom Meeting<\/p>\n\n\n\n<figure class=\"wp-block-embed\"><div class=\"wp-block-embed__wrapper\">\nhttps:\/\/us02web.zoom.us\/j\/83342160890?pwd=dEdVYmw1cG14cHo0Um5MTHVRQkorQT09\n<\/div><\/figure>\n\n\n\n<p>Meeting ID: 833 4216 0890<\/p>\n\n\n\n<p>Passcode: hyva<\/p>\n\n\n\n<h3 class=\"wp-block-heading\"> Vuosikokous 2021 esityslista ja dokumentit<\/h3>\n\n\n\n<p>Yhdistyksen vuosikokouksessa k\u00e4sitell\u00e4\u00e4n seuraavat asiat:<br>1. kokouksen avaus<br>2. valitaan kokouksen puheenjohtaja, sihteeri, kaksi p\u00f6yt\u00e4kirjantarkastajaa ja tarvittaessa kaksi \u00e4\u00e4ntenlaskijaa<br>3. todetaan kokouksen laillisuus ja p\u00e4\u00e4t\u00f6svaltaisuus<br>4. hyv\u00e4ksyt\u00e4\u00e4n kokouksen ty\u00f6j\u00e4rjestys<br>5. esitet\u00e4\u00e4n tilinp\u00e4\u00e4t\u00f6s, vuosikertomus ja tilintarkastajien lausunto<br>6. p\u00e4\u00e4tet\u00e4\u00e4n tilinp\u00e4\u00e4t\u00f6ksen vahvistamisesta ja vastuuvapauden my\u00f6nt\u00e4misest\u00e4 hallitukselle ja muille vastuuvelvollisille<br>7. vahvistetaan toimintasuunnitelma, tulo- ja menoarvio sek\u00e4 liittymis- ja j\u00e4senmaksujen suuruudet<br>8. valitaan hallituksen puheenjohtaja ja muut j\u00e4senet<br>9. valitaan yksi tai kaksi tilintarkastajaa ja heille varatilintarkastajat<br>10. k\u00e4sitell\u00e4\u00e4n muut kokouskutsussa mainitut asiat.<\/p>\n\n\n\n<p>Vuosikokous voi lis\u00e4ksi valita yhdistykselle neuvottelukunnan, johon kuuluu v\u00e4hint\u00e4\u00e4n 15 ja enint\u00e4\u00e4n 50 j\u00e4sent\u00e4 ja jonka teht\u00e4v\u00e4n\u00e4 on toimia neuvoa antavana elimen\u00e4 yhdistyksen toiminnan suunnittelussa.<\/p>\n\n\n\n<p>Mik\u00e4li yhdistyksen j\u00e4sen haluaa saada jonkin asian yhdistyksen vuosikokouksen k\u00e4sitelt\u00e4v\u00e4ksi, on h\u00e4nen ilmoitettava siit\u00e4 kirjallisesti hallitukselle niin hyviss\u00e4 ajoin, ett\u00e4 asia voidaan sis\u00e4llytt\u00e4\u00e4 kokouskutsuun.<\/p>\n\n\n\n<p><strong>Hyvinvointivaltion vaalijat ry:n toimintakertomus vuodelta 2020<\/strong><\/p>\n\n\n\n<p>HYVA on yhdistys, joka ker\u00e4\u00e4 ja levitt\u00e4\u00e4 tietoa pohjoismaisen hyvinvointivaltion paremmuudesta muihin valtiollisiin j\u00e4rjestelmiin verrattuna. T\u00e4m\u00e4n periaatteen mukaisesti on toimittu vuonna 2020.<\/p>\n\n\n\n<p>Hallitukseen ovat kuuluneet puheenjohtajana Juha Nurmela, Anja-Riitta Ketokoski (varapuheenjohtaja), Raisa Baer (sihteeri), Sini Askelo (rahastonhoitaja),&nbsp; Leena Er\u00e4saari, Irene Nummela, Olli Nylander, Sari Vesikansa, Pekka Elonheimo ja Einari Rautio. Hallitus kokoontui kolme kertaa.<\/p>\n\n\n\n<p>Toiminnantarkastajana oli Leena Hietaniemi ja varatoiminnantarkastajana Olli Salin.<\/p>\n\n\n\n<p>HYVAN postituslistalla oli noin 135 hyvalaista, joista noin 80 maksoi 15 euron j\u00e4senmaksun.<\/p>\n\n\n\n<p>Tilinkauden tulos oli 338,49 euroa ylij\u00e4\u00e4m\u00e4inen.<\/p>\n\n\n\n<p>S\u00e4\u00e4nt\u00f6m\u00e4\u00e4r\u00e4inen vuosikokous pidettiin maanantai 9.3.2020 Kirkontalossa, Etel\u00e4ranta 8.&nbsp; Vuosikokousalustuksen piti kansalaisaktiivi Marjatta Laiho levollisuusvajeesta. Irene Nummela kirkon diakoniaty\u00f6st\u00e4 komentoi Laihon alustusta.<\/p>\n\n\n\n<p>Toiminta:<\/p>\n\n\n\n<p>Anja-Riitta Ketokoski on ollut HYVAn edustajana Bien perustuloverkostossa&nbsp; ja Suomen YK-liitossa.&nbsp; HYVAn edustaja EAPN-FinIss\u00e4 toimi Leena Er\u00e4saari.<\/p>\n\n\n\n<p>Osallisuusmedia-sivustoa yll\u00e4pidettiin. Hyvalla oli kes\u00e4kuun loppuun palkkatuella palkattu toimittaja Mikael Kallavuo toimittamassa sivustolle artikkeleita ja kehitt\u00e4m\u00e4ss\u00e4 sivustoa. Artikkelit julkaistiin torstaisin. Loppuvuoden aikana Kallavuo ja Nurmela toimittivat Osalllisuus-mediaa talkooty\u00f6n\u00e4.<\/p>\n\n\n\n<p>Tukea Osalllisuus-medialle haettiin Wihurin ja Kordelinin s\u00e4\u00e4ti\u00f6ilt\u00e4, mutta ei saatu. Joulukuussa j\u00e4tettiin hakemus Palkansaajas\u00e4\u00e4ti\u00f6lle. Siit\u00e4 odotetaan tietoa.<\/p>\n\n\n\n<p>Yhdistyksen kotisivun (www.hyvinvointivaltio.fi) yll\u00e4pit\u00e4j\u00e4 on Zooner (www.zoner.fi). Vuotuinen yll\u00e4pitokustannus on merkitt\u00e4v\u00e4 menoer\u00e4 kuten my\u00f6s Osallisuus-median yll\u00e4pito.<\/p>\n\n\n\n<p>Sosiaalifoorumi j\u00e4rjestettiin et\u00e4tilaisuuksina syksyll\u00e4 2020. Hyvalla ei ollut omaa tilaisuutta.<\/p>\n\n\n\n<p>Siirtymin\u00e4 uuteen s\u00e4hk\u00f6postilistaan toteutettiin.<\/p>\n\n\n\n<p>Koko vuoden ajan tiedotettiin hyvalaisista tilaisuuksista, artikkeleista ja julkaisuista postituslistoilla oleville ja facebook ryhm\u00e4ss\u00e4.<\/p>\n\n\n\n<p>Hyvinvointivaltion vaalijat ry:n hallitus 4.3.2021<\/p>\n\n\n\n<p>TILINP\u00c4\u00c4T\u00d6S<\/p>\n\n\n\n<figure class=\"wp-block-table\"><table><tbody><tr><td>Hyvinvointivaltion vaalijat HYVA ry<\/td><td><\/td><td><\/td><\/tr><tr><td>TILINP\u00c4\u00c4T\u00d6S 2020<\/td><td><\/td><td><\/td><td><\/td><\/tr><tr><td><\/td><td><\/td><td><\/td><td><\/td><\/tr><tr><td>Tuloslaskelma 1.1.2020 &#8211; 31.12.2020<\/td><td>&nbsp;<\/td><td>&nbsp;<\/td><\/tr><tr><td><\/td><td><\/td><td><\/td><td><\/td><\/tr><tr><td>Tulotilit<\/td><td><\/td><td><\/td><td>Euroa<\/td><\/tr><tr><td>Varainhankinnan tulot<\/td><td><\/td><td><\/td><td><\/td><\/tr><tr><td><\/td><td>J\u00e4senmaksut<\/td><td><\/td><td>1230<\/td><\/tr><tr><td><\/td><td>Lyhytaikaiset lainat JN<\/td><td><\/td><td>1000<\/td><\/tr><tr><td><\/td><td>Saadut korvaukset ELY<\/td><td><\/td><td>13484<\/td><\/tr><tr><td><\/td><td>Saadut tuet kaupunki<\/td><td><\/td><td>2000<\/td><\/tr><tr><td><\/td><td>Maksun palautus (Varma)<\/td><td><\/td><td>40,91<\/td><\/tr><tr><td><\/td><td><\/td><td><\/td><td><\/td><\/tr><tr><td>Yhteens\u00e4 tulotilit<\/td><td><\/td><td><\/td><td>17754,91<\/td><\/tr><tr><td><\/td><td><\/td><td><\/td><td><\/td><\/tr><tr><td>Menotilit<\/td><td><\/td><td><\/td><td><\/td><\/tr><tr><td>Varsinaisen toiminnan menot<\/td><td><\/td><td><\/td><\/tr><tr><td><\/td><td>J\u00e4senmaksut muille<\/td><td><\/td><td>100,00<\/td><\/tr><tr><td><\/td><td>Lyhytaikaisen lainan palautus JN<\/td><td><\/td><td>3000,00<\/td><\/tr><tr><td><\/td><td>Ostot<\/td><td><\/td><td>2520,67<\/td><\/tr><tr><td><\/td><td>Palkat ja palkkiot<\/td><td><\/td><td>8085,3<\/td><\/tr><tr><td><\/td><td>Sosiaaliturvamaksut<\/td><td><\/td><td>3498,98<\/td><\/tr><tr><td>Yhteens\u00e4 varsinaisen toiminnan menot<\/td><td><\/td><td>17204,95<\/td><\/tr><tr><td><\/td><td><\/td><td><\/td><td><\/td><\/tr><tr><td><\/td><td>Rahalaitosten palvelumaksut<\/td><td><\/td><td>211,47<\/td><\/tr><tr><td>Yhteens\u00e4 menotilit<\/td><td><\/td><td><\/td><td>17416,42<\/td><\/tr><tr><td><\/td><td><\/td><td><\/td><td><\/td><\/tr><tr><td>Tilikauden yli\/alij\u00e4\u00e4m\u00e4<\/td><td><\/td><td>338,49<\/td><\/tr><tr><td><\/td><td><\/td><td><\/td><td><\/td><\/tr><tr><td>TASE 31.12.2020<\/td><td>&nbsp;<\/td><td>&nbsp;<\/td><td>&nbsp;<\/td><\/tr><tr><td>Vastaavaa<\/td><td><\/td><td><\/td><td><\/td><\/tr><tr><td>Rahat<\/td><td>DanskeBank 31.12.2020<\/td><td><\/td><td>1379,01<\/td><\/tr><tr><td><\/td><td>Saamiset : JN palauttaa v.2021<\/td><td><\/td><td>200<\/td><\/tr><tr><td><\/td><td><\/td><td><\/td><td><\/td><\/tr><tr><td>Vastaavaa yhteens\u00e4<\/td><td><\/td><td><\/td><td>1579,01<\/td><\/tr><\/tbody><\/table><figcaption><br><\/figcaption><\/figure>\n\n\n\n<p>Toiminnantarkastajan lausunto luetaan kokouksessa. Ei ollut huomautettavaa.<\/p>\n\n\n\n<p>TOIMINTASUUNNITELMA 2021<\/p>\n\n\n\n<p><strong>HYVAN toimintasuunnitelma vuodelle 2021<\/strong><\/p>\n\n\n\n<p>Vuonna 2020 HYVA jatkaa pohjoismaisen hyvinvointivaltion vaalimista j\u00e4rjest\u00e4en seminaareja ja ty\u00f6pajoja yksin ja yhdess\u00e4 muiden yhdistysten kanssa sek\u00e4 toimimalla pohjoismaisen hyvinvointivaltion puolesta julkisuudessa. Omat tilaisuudet pyrit\u00e4\u00e4n tallentamaan kotisivuille.<\/p>\n\n\n\n<p>Vuosikokouksen lis\u00e4ksi on mm. seuraavaa toimintaa:<\/p>\n\n\n\n<p>HYVA jatkaa Suomen YK-liiton ja EAPN-Finin sek\u00e4 BIEN-perustuloverkoston j\u00e4senen\u00e4. Osallistutaan Suomen sosiaalifoorumiin.<\/p>\n\n\n\n<p>Tuetaan mahdollisuuksien mukaan eri paikkakuntien sosiaalifoorumeita sek\u00e4 muita vastaavia, hyvalaisten j\u00e4rjest\u00e4mi\u00e4, tilaisuuksia.<\/p>\n\n\n\n<p>Osallistutaan Sosiaalifoorumiin, syksyll\u00e4 2021. J\u00e4rjestet\u00e4\u00e4n mahdollisuuksien mukaan muita seminaari- ja keskustelutilaisuuksia hyvinvointivaltioon liittyvist\u00e4 aiheista yksin tai kumppaneiden kanssa.<\/p>\n\n\n\n<p>Tiedotetaan hyvalaisista tapahtumista, artikkeleista ja julkaisuista postituslistalla ja facebook ryhm\u00e4ss\u00e4. Hyva viestitt\u00e4\u00e4 postituslistalla my\u00f6s hyvalaisista kansalaisaloitteista kannustaen niiden allekirjoittamiseen.<\/p>\n\n\n\n<p>Jatketaan Osallisuusmedia.fi uustissivuston yll\u00e4pitoa jossain muodossa. Mikael Kallavuo tekee sit\u00e4 talkoohengess\u00e4.&nbsp; Tavoitteena olisi saada eri tahot huomaamaan yhteisty\u00f6mahdollisuudet suomalaisten oikeuksien ja hyvinvoinnin puolustamisessa. Hankkeessa yritet\u00e4\u00e4n saada j\u00e4rjest\u00f6t yms. tuottamaan uutissivustolle artikkeleita ja toivottavasti osallistumaan kustannuksiin. Tukea on t\u00e4ll\u00e4 vuodelle Palkansaajas\u00e4\u00e4ti\u00f6lt\u00e4<\/p>\n\n\n\n<p>Pyrit\u00e4\u00e4n kasvattamaan j\u00e4senm\u00e4\u00e4r\u00e4\u00e4 ja hankkimaan tukimaksuja.<\/p>\n\n\n\n<p>Taloudellisesti vuosi 2021 on tiukka, koska www.hyvinvointivaltio.fi sivuston kuten my\u00f6s www.osallisuusmedia.fi sivuston yll\u00e4pidosta ja toimitusty\u00f6st\u00e4 aiheutuu kuluja.<\/p>\n\n\n\n<p>Juha Nurmela<\/p>\n\n\n\n<p>Puheenjohtaja<\/p>\n\n\n\n<figure class=\"wp-block-table\"><table><tbody><tr><td>Hyvinvointivaltion vaalijat HYVA ry<\/td><td><\/td><td><\/td><td><\/td><\/tr><tr><td>Talousarvio 1.1.2021-31.12.2021<\/td><td><\/td><td><\/td><td><\/td><\/tr><tr><td><\/td><td><\/td><td><\/td><td><\/td><td><\/td><\/tr><tr><td>Tulotilit<\/td><td><\/td><td><\/td><td>2020<\/td><td>2021<\/td><\/tr><tr><td>Varainhankinnan tulot<\/td><td><\/td><td><\/td><td><\/td><\/tr><tr><td><\/td><td>J\u00e4senmaksut<\/td><td><\/td><td>1230<\/td><td>1 200<\/td><\/tr><tr><td><\/td><td>Lyhytaikaiset lainat JN (palautus)<\/td><td><\/td><td>1000<\/td><td>200<\/td><\/tr><tr><td><\/td><td>Saadut korvaukset ELY<\/td><td><\/td><td>13484<\/td><td><\/td><\/tr><tr><td><\/td><td>Saadut tuet kaupunki<\/td><td><\/td><td>2000<\/td><td><\/td><\/tr><tr><td><\/td><td>Maksun palautus (Varma)<\/td><td><\/td><td>41<\/td><td><\/td><\/tr><tr><td>Yhteens\u00e4 tulotilit<\/td><td><\/td><td>17 755<\/td><td>1 400<\/td><\/tr><tr><td><\/td><td><\/td><td><\/td><td><\/td><td><\/td><\/tr><tr><td>Menotilit<\/td><td><\/td><td><\/td><td><\/td><td><\/td><\/tr><tr><td>Varsinaisen toiminnan menot<\/td><td><\/td><td><\/td><td><\/td><\/tr><tr><td><\/td><td>J\u00e4senmaksut muille<\/td><td><\/td><td>100<\/td><td>200<\/td><\/tr><tr><td><\/td><td>Lainat JN palautus<\/td><td><\/td><td>3000<\/td><td><\/td><\/tr><tr><td><\/td><td>Tilaisuudet ja nettimaksut<\/td><td><\/td><td>640<\/td><td>500<\/td><\/tr><tr><td><\/td><td>Ostot ja osallisuusmedia<\/td><td><\/td><td>1881<\/td><td>480<\/td><\/tr><tr><td><\/td><td>Palkat ja palkkiot<\/td><td><\/td><td>8085<\/td><td><\/td><\/tr><tr><td><\/td><td>Sosiaaliturvamaksut<\/td><td><\/td><td>3499<\/td><td><\/td><\/tr><tr><td>Yhteens\u00e4 varsinaisen toiminnan menot<\/td><td><\/td><td>17 205<\/td><td>1 180<\/td><\/tr><tr><td><\/td><td><\/td><td><\/td><td><\/td><td><\/td><\/tr><tr><td><\/td><td>Rahalaitosten palvelumaksut<\/td><td><\/td><td>211<\/td><td>220<\/td><\/tr><tr><td>Yhteens\u00e4 menotilit<\/td><td><\/td><td>17 416<\/td><td>1 400<\/td><\/tr><tr><td><\/td><td><\/td><td><\/td><td><\/td><td><\/td><\/tr><tr><td>Tilikauden yli\/alij\u00e4\u00e4m\u00e4<\/td><td><\/td><td>338<\/td><td>0<\/td><\/tr><\/tbody><\/table><\/figure>\n\n\n\n<figure class=\"wp-block-image size-large\"><img loading=\"lazy\" decoding=\"async\" width=\"732\" height=\"1024\" src=\"http:\/\/www.hyvinvointivaltio.fi\/wp-content\/uploads\/2021\/05\/image-732x1024.png\" alt=\"\" class=\"wp-image-943\" srcset=\"https:\/\/hyvinvointivaltio.fi\/wp-content\/uploads\/2021\/05\/image-732x1024.png 732w, https:\/\/hyvinvointivaltio.fi\/wp-content\/uploads\/2021\/05\/image-214x300.png 214w, https:\/\/hyvinvointivaltio.fi\/wp-content\/uploads\/2021\/05\/image-768x1074.png 768w, https:\/\/hyvinvointivaltio.fi\/wp-content\/uploads\/2021\/05\/image-107x150.png 107w, https:\/\/hyvinvointivaltio.fi\/wp-content\/uploads\/2021\/05\/image-400x560.png 400w, https:\/\/hyvinvointivaltio.fi\/wp-content\/uploads\/2021\/05\/image.png 815w\" sizes=\"auto, (max-width: 732px) 100vw, 732px\" \/><\/figure>\n\n\n\n<p>Esitys puheenjohtajaksi ja hallituksen j\u00e4seniksi:<\/p>\n\n\n\n<p>Puheenjohtaja Juha Nurmela, Hallituksen j\u00e4senetAnja-Riitta Ketokoski (varapuheenjohtaja), Raisa Baer (sihteeri), Sini Askelo (rahastonhoitaja),&nbsp; Leena Er\u00e4saari, Irene Nummela, Olli Nylander, Sari Vesikansa, Pekka Elonheimo ja Einari Rautio sek\u00e4 Katja Paavilainen<\/p>\n\n\n\n<p>Toiminnantarkastajaksi Leena Hietaniemi varalle Olli Salin<\/p>\n","protected":false},"excerpt":{"rendered":"\n<p>Torstaina 27.5.2021 klo17.00 Loviseholminpolku 8 B 27. Hki ja netitse.<\/p>\n<p>Linkki alla ja s\u00e4hk\u00f6postissa<\/p>\n<p>Join Zoom Meeting<\/p>\n<p> https:\/\/us02web.zoom.us\/j\/83342160890?pwd=dEdVYmw1cG14cHo0Um5MTHVRQkorQT09 <\/p>\n<p>Meeting ID: 833 4216 0890<\/p>\n<p>Passcode: hyva<\/p>\n<p> Vuosikokous 2021 esityslista ja dokumentit <\/p>\n<p>Yhdistyksen vuosikokouksessa k\u00e4sitell\u00e4\u00e4n seuraavat asiat:1. kokouksen avaus2. valitaan kokouksen puheenjohtaja, sihteeri, kaksi p\u00f6yt\u00e4kirjantarkastajaa ja tarvittaessa kaksi \u00e4\u00e4ntenlaskijaa3. todetaan kokouksen laillisuus ja p\u00e4\u00e4t\u00f6svaltaisuus4. hyv\u00e4ksyt\u00e4\u00e4n kokouksen [&#8230;]<\/p>\n","protected":false},"author":2,"featured_media":0,"parent":0,"menu_order":0,"comment_status":"closed","ping_status":"closed","template":"","meta":{"footnotes":""},"class_list":["post-937","page","type-page","status-publish","hentry","odd"],"_links":{"self":[{"href":"https:\/\/hyvinvointivaltio.fi\/index.php?rest_route=\/wp\/v2\/pages\/937","targetHints":{"allow":["GET"]}}],"collection":[{"href":"https:\/\/hyvinvointivaltio.fi\/index.php?rest_route=\/wp\/v2\/pages"}],"about":[{"href":"https:\/\/hyvinvointivaltio.fi\/index.php?rest_route=\/wp\/v2\/types\/page"}],"author":[{"embeddable":true,"href":"https:\/\/hyvinvointivaltio.fi\/index.php?rest_route=\/wp\/v2\/users\/2"}],"replies":[{"embeddable":true,"href":"https:\/\/hyvinvointivaltio.fi\/index.php?rest_route=%2Fwp%2Fv2%2Fcomments&post=937"}],"version-history":[{"count":9,"href":"https:\/\/hyvinvointivaltio.fi\/index.php?rest_route=\/wp\/v2\/pages\/937\/revisions"}],"predecessor-version":[{"id":955,"href":"https:\/\/hyvinvointivaltio.fi\/index.php?rest_route=\/wp\/v2\/pages\/937\/revisions\/955"}],"wp:attachment":[{"href":"https:\/\/hyvinvointivaltio.fi\/index.php?rest_route=%2Fwp%2Fv2%2Fmedia&parent=937"}],"curies":[{"name":"wp","href":"https:\/\/api.w.org\/{rel}","templated":true}]}}