{"id":77,"date":"2010-04-28T11:01:15","date_gmt":"2010-04-28T09:01:15","guid":{"rendered":"http:\/\/www.hyvinvointivaltio.fi\/?page_id=77"},"modified":"2026-02-14T19:11:45","modified_gmt":"2026-02-14T17:11:45","slug":"jasen-ja-tukimaksut","status":"publish","type":"page","link":"https:\/\/hyvinvointivaltio.fi\/?page_id=77","title":{"rendered":"J\u00e4sen- ja tukimaksut, liittyminen HYVAan"},"content":{"rendered":"<p>Hyvinvointivaltion vaalijat \u00a0( HYVA) \u00a0maksut:<\/p>\n<p>Liittymismaksu \u00a05,00 euroa<\/p>\n<p>Henkil\u00f6j\u00e4senen vuosimaksu\u00a0 25,00 euroa<\/p>\n<p>Yhdistysten j\u00e4sen- ja tukimaksut v\u00e4hint\u00e4\u00e4n 50,00 euroa<\/p>\n<p>Tilitiedot<\/p>\n<p>Hyvinvointivaltion vaalijat ry<\/p>\n<p><strong>Danske Bank tili: FI61 8000 1571 1620 16<\/strong><\/p>\n<p>K\u00e4yt\u00e4 j\u00e4senmaksuissa viitenumeroa\u00a0<strong> 20077<\/strong><\/p>\n<h4>UUSI J\u00c4SEN MUISTATHAN L\u00c4HETT\u00c4\u00c4 AINAKIN S\u00c4HK\u00d6SPOSTIOSOITTEESI s\u00e4hk\u00f6postiin<\/h4>\n<h4>juha.nurmela1@gmail.com, my\u00f6s k\u00e4nnykk\u00e4numero ja postiosoite olisivat suotavat<\/h4>\n<p><strong>Hyva ry:n postituslistojen tietosuojaseloste<\/strong><\/p>\n<p><span style=\"font-weight: 400;\">Postituslistan tietosuojaseloste laadittu 10.4.2024<\/span><\/p>\n<p><strong>Rekisterinpit\u00e4j\u00e4 <\/strong><span style=\"font-weight: 400;\">Hyvinvoinvaltionvaalijat ry, <\/span><span style=\"font-weight: 400;\">Y-tunnus: <\/span><span style=\"font-weight: 400;\">2369006-7<\/span><\/p>\n<p><strong>Rekisteriasioiden yhteyshenkil\u00f6 <\/strong><span style=\"font-weight: 400;\">Juha Nurmela, <\/span><span style=\"font-weight: 400;\">juha.nurmela (at) iki.fi<\/span><\/p>\n<p><strong>Rekisterin nimi <\/strong><span style=\"font-weight: 400;\">Hyvinvointivaltion vaalijat ry:n postituslista<\/span><\/p>\n<p><strong>Mitk\u00e4 ovat henkil\u00f6tietojen k\u00e4sittelyn oikeusperuste ja tarkoitus?<\/strong><\/p>\n<p><span style=\"font-weight: 400;\">Henkil\u00f6tietojen k\u00e4sittelyn perusteena on yhdistyslain mukainen velvoite pit\u00e4\u00e4 yll\u00e4 j\u00e4senluetteloa. Postituslistalla olevien henkil\u00f6iden tietojen k\u00e4sittelyn perusteena on henkil\u00f6n suostumus.<\/span><\/p>\n<ul>\n<li style=\"font-weight: 400;\" aria-level=\"1\"><span style=\"font-weight: 400;\">Yhdistyslain 11 \u00a7 mukainen j\u00e4senluettelo ja sen pit\u00e4minen<\/span><\/li>\n<li style=\"font-weight: 400;\" aria-level=\"1\"><span style=\"font-weight: 400;\">J\u00e4senviestint\u00e4<\/span><\/li>\n<li style=\"font-weight: 400;\" aria-level=\"1\"><span style=\"font-weight: 400;\">J\u00e4senlaskutus<\/span><\/li>\n<li style=\"font-weight: 400;\" aria-level=\"1\"><span style=\"font-weight: 400;\">Tilastointi ja analysointi<\/span><\/li>\n<li style=\"font-weight: 400;\" aria-level=\"1\"><span style=\"font-weight: 400;\">Uutiskirjeen l\u00e4hetys (suostumus)<\/span><\/li>\n<\/ul>\n<p><strong>Mit\u00e4 tietoja k\u00e4sittelemme?<\/strong><\/p>\n<ul>\n<li style=\"font-weight: 400;\" aria-level=\"1\"><span style=\"font-weight: 400;\">perustiedot: sukunimi, etunimi,<\/span><span style=\"font-weight: 400;\">\u00a0s\u00e4hk\u00f6posti<\/span><\/li>\n<li style=\"font-weight: 400;\" aria-level=\"1\"><span style=\"font-weight: 400;\">muita henkil\u00f6n vapaaehtoisesti ilmoittamia tietoja, joita voivat olla mm. puhelinnumero tai kotiosoite.\u00a0<\/span><\/li>\n<\/ul>\n<p><strong>Mist\u00e4 saamme tietoja?<\/strong><\/p>\n<p><span style=\"font-weight: 400;\">Saamme tietoja henkil\u00f6ilt\u00e4 itselt\u00e4\u00e4n sek\u00e4 yhdistyksen omasta toiminnasta.<\/span><\/p>\n<p><strong>Kenelle luovutamme ja siirr\u00e4mme tietoja sek\u00e4 siirr\u00e4mmek\u00f6 tietoja EU:n tai ETA:n ulkopuolelle?<\/strong><\/p>\n<p><span style=\"font-weight: 400;\">Tietoja ei luovuteta yhdistyksen ulkopuolisille toimijoille. Tietoja ei siirret\u00e4 EU:n tai ETA:n ulkopuolelle.<\/span><\/p>\n<p><strong>Miten suojaamme tiedot ja miten pitk\u00e4\u00e4n niit\u00e4 s\u00e4ilyt\u00e4mme?<\/strong><\/p>\n<ul>\n<li style=\"font-weight: 400;\" aria-level=\"1\"><span style=\"font-weight: 400;\">Hyvinvointivaltion vaalijat ry:n toiminnan ajan tai niin kauan kun henkil\u00f6 eroaa postituslistalta.<\/span><\/li>\n<li style=\"font-weight: 400;\" aria-level=\"1\"><span style=\"font-weight: 400;\">Laitteinen fyysinen suojaus: J\u00e4senrekisteri sijaitsee Google Ryhm\u00e4t -palvelussa, jolla on <\/span><a href=\"https:\/\/policies.google.com\/technologies\/product-privacy?hl=fi\"><span style=\"font-weight: 400;\">omat tietosuojak\u00e4yt\u00e4nt\u00f6ns\u00e4<\/span><\/a><span style=\"font-weight: 400;\">.<\/span><\/li>\n<\/ul>\n<p><strong>Postituslistalla olevilla<\/strong><\/p>\n<p><span style=\"font-weight: 400;\">on oikeus tarkastaa itse\u00e4\u00e4n koskevat henkil\u00f6rekisteriin tallennetut tiedot ja vaatia virheellisen tiedon oikaisua tai poistamista, mik\u00e4li sille on lailliset perusteet. Sek\u00e4 oikeus peruuttaa suostumus tai muuttaa sit\u00e4.<\/span><\/p>\n<p><span style=\"font-weight: 400;\">Rekister\u00f6ityn\u00e4 sinulla on tietosuoja-asetuksen mukaisesti (25.5.2018 lukien) oikeus vastustaa tai pyyt\u00e4\u00e4 henkil\u00f6tietojesi k\u00e4sittelyn rajoittamista sek\u00e4 tehd\u00e4 valitus henkil\u00f6tietojen k\u00e4sittelyst\u00e4 viranomaiselle.<\/span><span style=\"font-weight: 400;\">.<\/span><\/p>\n<p><strong>Keneen voit olla yhteydess\u00e4?<\/strong><\/p>\n<p><span style=\"font-weight: 400;\">Kaikki t\u00e4t\u00e4 selostetta koskevat yhteydenotot ja pyynn\u00f6t tulee esitt\u00e4\u00e4 kirjallisesti tai henkil\u00f6kohtaisesti nimetylle yhteyshenkil\u00f6lle.<\/span><\/p>\n<p><strong>Tietosuojaselosteen muutokset<\/strong><\/p>\n<p><span style=\"font-weight: 400;\">Mik\u00e4li muutamme t\u00e4t\u00e4 selostetta, p\u00e4ivitykset n\u00e4kyv\u00e4t selosteen alussa.<\/span><\/p>\n","protected":false},"excerpt":{"rendered":"<p>Hyvinvointivaltion vaalijat ( HYVA) maksut:<\/p>\n<p>Liittymismaksu 5,00 euroa<\/p>\n<p>Henkil\u00f6j\u00e4senen vuosimaksu 25,00 euroa<\/p>\n<p>Yhdistysten j\u00e4sen- ja tukimaksut v\u00e4hint\u00e4\u00e4n 50,00 euroa<\/p>\n<p>Tilitiedot<\/p>\n<p>Hyvinvointivaltion vaalijat ry<\/p>\n<p>Danske Bank tili: FI61 8000 1571 1620 16<\/p>\n<p>K\u00e4yt\u00e4 j\u00e4senmaksuissa viitenumeroa 20077<\/p>\n<p> UUSI J\u00c4SEN MUISTATHAN L\u00c4HETT\u00c4\u00c4 AINAKIN S\u00c4HK\u00d6SPOSTIOSOITTEESI s\u00e4hk\u00f6postiin juha.nurmela1@gmail.com, my\u00f6s k\u00e4nnykk\u00e4numero ja postiosoite olisivat suotavat <\/p>\n<p>Hyva ry:n postituslistojen tietosuojaseloste<\/p>\n<p>Postituslistan tietosuojaseloste [&#8230;]<\/p>\n","protected":false},"author":2,"featured_media":0,"parent":0,"menu_order":4,"comment_status":"open","ping_status":"open","template":"","meta":{"footnotes":""},"class_list":["post-77","page","type-page","status-publish","hentry","odd"],"_links":{"self":[{"href":"https:\/\/hyvinvointivaltio.fi\/index.php?rest_route=\/wp\/v2\/pages\/77","targetHints":{"allow":["GET"]}}],"collection":[{"href":"https:\/\/hyvinvointivaltio.fi\/index.php?rest_route=\/wp\/v2\/pages"}],"about":[{"href":"https:\/\/hyvinvointivaltio.fi\/index.php?rest_route=\/wp\/v2\/types\/page"}],"author":[{"embeddable":true,"href":"https:\/\/hyvinvointivaltio.fi\/index.php?rest_route=\/wp\/v2\/users\/2"}],"replies":[{"embeddable":true,"href":"https:\/\/hyvinvointivaltio.fi\/index.php?rest_route=%2Fwp%2Fv2%2Fcomments&post=77"}],"version-history":[{"count":20,"href":"https:\/\/hyvinvointivaltio.fi\/index.php?rest_route=\/wp\/v2\/pages\/77\/revisions"}],"predecessor-version":[{"id":1099,"href":"https:\/\/hyvinvointivaltio.fi\/index.php?rest_route=\/wp\/v2\/pages\/77\/revisions\/1099"}],"wp:attachment":[{"href":"https:\/\/hyvinvointivaltio.fi\/index.php?rest_route=%2Fwp%2Fv2%2Fmedia&parent=77"}],"curies":[{"name":"wp","href":"https:\/\/api.w.org\/{rel}","templated":true}]}}