{"id":63,"date":"2010-01-23T13:31:21","date_gmt":"2010-01-23T11:31:21","guid":{"rendered":"http:\/\/www.hyvinvointivaltio.fi\/?page_id=63"},"modified":"2013-04-07T08:05:17","modified_gmt":"2013-04-07T06:05:17","slug":"63","status":"publish","type":"page","link":"https:\/\/hyvinvointivaltio.fi\/?page_id=63","title":{"rendered":"Mik\u00e4 HYVA?"},"content":{"rendered":"<p>HYVA esiintyy ylpe\u00e4n\u00e4 yhden ihmiskunnan suurimman saavutuksen pohjoismaisen hyvinvointivaltion puolesta, joka on paras tunnettu tapa tuottaa hyvinvointia ja jakaa sen tulos oikeudenmukaisesti.<\/p>\n<p>HYVAlle hyvinvointivaltio on reilun ja kansanvaltaisen yhteiskunnan perusta. Se on osoittautunut my\u00f6s taloudellisesti tehokkaaksi. Markkinauskolle on asetettava rajat. Pohjoismaat voivat toimia vastuullisina suunnann\u00e4ytt\u00e4jin\u00e4 maailman ymp\u00e4rist\u00f6-, kehitys- ja talouspolitiikassa, kunhan jatkamme oman mallimme rakentamista. Se on menestyksellinen vastaus globalisaatioon.<\/p>\n<p>HYVA on kaikille avoin ihmisten ja j\u00e4rjest\u00f6jen verkosto.<\/p>\n<p>HYVA on riippumaton puolueista ja puoluepolitiikasta, koska EVA:nkin mielipidetiedustelujen mukaan yli 80 prosenttia suomalaista tukee hyvinvointivaltiota. Kaikkien puolueiden \u00e4\u00e4nest\u00e4jien enemmist\u00f6 on t\u00e4ll\u00e4 kannalla.<\/p>\n<p>HYVA v\u00e4litt\u00e4\u00e4 tutkimuksiin perustuvaa tietoa siit\u00e4, ett\u00e4 hyvinvointivaltio on toimiva, hyv\u00e4 ja tehokas ihmisten yhteisen toiminnan muoto my\u00f6s globalisaation oloissa.<\/p>\n<p>HYVA kannustaa kaikkia hyvinvointivaltion puolestapuhujiksi olipa kyse kuntien tai valtion palveluista.<\/p>\n<p>HYVA vastustaa suomalaisten enemmist\u00f6n tapaan uusliberalistista hyvinvointivaltion v\u00e4h\u00e4ttely\u00e4 ja alasajoa<\/p>\n<p>HYVA pyrkii medioihin EVA:n ja Veronmaksajien keskusliiton rinnalle tasavertaiseksi kommentaattoriksi hyvinvointivaltiota koskevissa kysymyksiss\u00e4. Se on niiden vastavoima<\/p>\n<p>HYVA haluaa BKT:n kasvuprosentin tilalle hyvinvoinnin eri puolia kuvaavat uudet mittarit.<\/p>\n","protected":false},"excerpt":{"rendered":"<p>HYVA esiintyy ylpe\u00e4n\u00e4 yhden ihmiskunnan suurimman saavutuksen pohjoismaisen hyvinvointivaltion puolesta, joka on paras tunnettu tapa tuottaa hyvinvointia ja jakaa sen tulos oikeudenmukaisesti.<\/p>\n<p>HYVAlle hyvinvointivaltio on reilun ja kansanvaltaisen yhteiskunnan perusta. Se on osoittautunut my\u00f6s taloudellisesti tehokkaaksi. Markkinauskolle on asetettava rajat. Pohjoismaat voivat toimia vastuullisina suunnann\u00e4ytt\u00e4jin\u00e4 maailman ymp\u00e4rist\u00f6-, kehitys- ja talouspolitiikassa, kunhan jatkamme oman mallimme rakentamista. [&#8230;]<\/p>\n","protected":false},"author":2,"featured_media":0,"parent":0,"menu_order":1,"comment_status":"open","ping_status":"open","template":"","meta":{"footnotes":""},"class_list":["post-63","page","type-page","status-publish","hentry","odd"],"_links":{"self":[{"href":"https:\/\/hyvinvointivaltio.fi\/index.php?rest_route=\/wp\/v2\/pages\/63","targetHints":{"allow":["GET"]}}],"collection":[{"href":"https:\/\/hyvinvointivaltio.fi\/index.php?rest_route=\/wp\/v2\/pages"}],"about":[{"href":"https:\/\/hyvinvointivaltio.fi\/index.php?rest_route=\/wp\/v2\/types\/page"}],"author":[{"embeddable":true,"href":"https:\/\/hyvinvointivaltio.fi\/index.php?rest_route=\/wp\/v2\/users\/2"}],"replies":[{"embeddable":true,"href":"https:\/\/hyvinvointivaltio.fi\/index.php?rest_route=%2Fwp%2Fv2%2Fcomments&post=63"}],"version-history":[{"count":14,"href":"https:\/\/hyvinvointivaltio.fi\/index.php?rest_route=\/wp\/v2\/pages\/63\/revisions"}],"predecessor-version":[{"id":367,"href":"https:\/\/hyvinvointivaltio.fi\/index.php?rest_route=\/wp\/v2\/pages\/63\/revisions\/367"}],"wp:attachment":[{"href":"https:\/\/hyvinvointivaltio.fi\/index.php?rest_route=%2Fwp%2Fv2%2Fmedia&parent=63"}],"curies":[{"name":"wp","href":"https:\/\/api.w.org\/{rel}","templated":true}]}}