{"id":447,"date":"2014-02-16T18:40:47","date_gmt":"2014-02-16T16:40:47","guid":{"rendered":"http:\/\/www.hyvinvointivaltio.fi\/?page_id=447"},"modified":"2014-02-16T18:43:37","modified_gmt":"2014-02-16T16:43:37","slug":"hyvan-vuosikokousasiakirjat-2014","status":"publish","type":"page","link":"https:\/\/hyvinvointivaltio.fi\/?page_id=447","title":{"rendered":"HYVAn vuosikokousasiakirjat 2014"},"content":{"rendered":"<p>T\u00e4ss\u00e4 esitell\u00e4\u00e4n Hyvinvointivaltion vaalijat ry:n toimintakertomus  vuodelta 2013 ja toimintasuunnitelma vuodelta 2014 sek\u00e4 vuoden 2013  tilinp\u00e4\u00e4t\u00f6s ja vuoden 2014 talousarvio.<\/p>\n<p><strong>Hyvinvointivaltion vaalijat ry<\/strong><\/p>\n<p>Toimintakertomus vuodelta 2013<\/p>\n<p>HYVA on yhdistys, joka ker\u00e4\u00e4 ja levitt\u00e4\u00e4 tietoa pohjoismaisen hyvinvointivaltion paremmuudesta muihin valtiollisiin j\u00e4rjestelmiin verrattuna. T\u00e4m\u00e4n periaatteen mukaisesti on toimittu my\u00f6s vuonna 2013.<\/p>\n<p><strong>Hallinto:<\/strong><\/p>\n<p>Hallitukseen ovat kuuluneet seuraavat henkil\u00f6t: Puheenjohtajana Juha Nurmela, Anja-Riitta Ketokoski (varapuheenjohtaja), Pirkko Justander (sihteeri), Kaarina Kailo (Oulu), Jouko Kajanoja, Irene Nummela, Liisa Kirves, Leo Lindstedt (Turku), Eeva Kaukoluoto, Terttu Savola, Vivan Storlund, Nils Torvalds, Thomas Wallgren, Marja-Liisa Viher\u00e4, Tuula Vuori-Salo (sihteerin\u00e4 Justanderin sairasloman ajan), Jukka Haapakoski, Anna-Riitta Lehtinen.<\/p>\n<p>Hallitus kokoontui seitsem\u00e4n kertaa.<\/p>\n<p>Toiminnantarkastajana oli Pekka Luoma ja varatarkastajana Raimo Parikka.<\/p>\n<p>Yhdistyksen rahastonhoitajana on toiminut Sinikka Askelo, hallituksen ulkopuolelta.<\/p>\n<p>S\u00e4\u00e4nt\u00f6m\u00e4\u00e4r\u00e4inen vuosikokous pidettiin 14.3 2013. Vuosikokous alusti professori Matti Mikkola otsikolla \u201dHyvinvointivaltion rakentamisen strategiat. Se on luettavissa HYVAN kotisivuilla.<\/p>\n<p>HYVAN postituslistalla oli noin 170 hyvalaista, joista l\u00e4hes puolet maksoi 10 euron. j\u00e4senmaksun.<\/p>\n<p><strong>Toiminta:<\/strong><\/p>\n<ol>\n<li>Tilattiin 1 000 kpl HYVAn      esittelypostikorttia.<\/li>\n<li>Tuettiin Helsingin Pro      kuntapalvelut verkoston valtuutetuille tekem\u00e4n materiaalin jakelua      osallistumalla ns. budjettipuun kustannuksiin 220 eurolla. Aineisto on      vapaasta lainattavissa Helsingin Pro kuntapalveluiden sivuilla.      http:\/\/www.prokuntapalvelut-helsinki.fi\/?p=306<\/li>\n<li>Liityttiin perustuloverkoston      kannattajaj\u00e4seneksi.<\/li>\n<li>J\u00e4rjestettiin 5.4.2013      yhteisty\u00f6ss\u00e4 Vapaus valita toisin ryn kanssa EU:n\u00a0 kansalaisuuden vuoteen liittyen      seminaari otsikolla \u201dEU ja Hyvinvointivaltio\u201d, johon osallistuvat mepit      Satu Hassi, Liisa Jaakonsaari, Nils Torvalds.\u00a0 Eurooppa tiedotuksen sali Kampissa oli t\u00e4ysi.<\/li>\n<li>Osallistuttiin Suomen      sosiaalifoorumiin kahdella seminaarilla: a) Hyvinvointivaltion murtumista,      b) Miten kansalaisuus toteutuu koulussa? Lis\u00e4ksi hallituksen j\u00e4seni\u00e4 oli      mukana rauhankulttuuri- ja perustuloseminaareissa.<\/li>\n<li>Kev\u00e4\u00e4ll\u00e4 tehtiin kannanotto,      jolla vastustettiin THL:n, Kelan, STUK:in\u00a0 tutkimusrahoituksen leikkauksia.<\/li>\n<li>Terttu Savola on ollut      EAPN-Finin hallituksessa HYVAN edustajana.<\/li>\n<li>Turun sosiaalifoorumia tuettiin      100 eurolla.<\/li>\n<li> J\u00e4rjestettiin \u201dViek\u00f6 ik\u00e4 yhteis\u00f6llisyyden\u201d &#8211; seminaari      28.10.2013 yhteisty\u00f6ss\u00e4 Kirkon diakoniaty\u00f6n ja Senioriliikkeen kanssa.      Osallistujia oli noin 80.<\/li>\n<li>EU-tiedotuksen rahoista      anottiin tukea vuoden 2014 maaliskuun lopulla j\u00e4rjestett\u00e4v\u00e4n toiseen      \u201dHyvinvointivaltio ja EU\u201d seminaarin mainontaan. Seminaariin j\u00e4rjestelyss\u00e4      on kumppanina Suomen sosiaalioikeudellinen yhdistys.<\/li>\n<li>Hallitus keskusteli useassa      kokouksessa Suomen hallituksen syksyll\u00e4 julkistetusta rakennepaketista.      Kannanottoa ei tehty.<\/li>\n<li>Hallituksessa k\u00e4ynnistettiin      hanke, jonka ty\u00f6nimen\u00e4 on \u201dEroon apua tarvitsevan kuntalaisen      hyppyytyksest\u00e4 luukulta luukulle\u201d<\/li>\n<li>HYVA on tukenut lasten      hyvinvointifoorumia.<\/li>\n<li>Tilikausi oli tappiollinen      johtuen siit\u00e4, ett\u00e4 Helsingin Pro kuntapalvelut verkoston      valtuustoaineistoa varten ravintolap\u00e4iv\u00e4ll\u00e4 ja muulla tavoin ker\u00e4\u00e4m\u00e4t      varat oli tallennettu sopimuksen mukaisesti HYVAN tilille vuoden 2012      lopulla, mutta valtuustoaineistosta aiheutuneet kulut ajoittuivat vuodelle      2013.<\/li>\n<\/ol>\n<p>Hyvinvointivaltion vaalijoiden puolesta<\/p>\n<p>Juha Nurmela<\/p>\n<p>Puheenjohtaja<\/p>\n<p>Hyvinvointivaltion vaalijat ry<\/p>\n<p>HYVAN TOIMINTASUUNNITELMA VUODELLE 2014<br \/>\nVuonna 2014 HYVA jatkaa hyvinvointivaltion vaalimista j\u00e4rjest\u00e4en seminaareja ja ty\u00f6pajoja yksin ja yhdess\u00e4 muiden yhdistysten kanssa sek\u00e4 esiintym\u00e4ll\u00e4 sen puolesta julkisuudessa.<\/p>\n<p>Vuosikokouksen lis\u00e4ksi on mm. seuraavaa toimintaa:<br \/>\na) HYVA haastaa meppiehdokkaat keskusteluun siit\u00e4, voiko hyvinvointivaltio s\u00e4ily\u00e4 EU:ssa. Ajankohta on\u00a0 24.3.2014 klo 12 &#8211; 17 EU tiedotuskeskuksessa Kampissa Malminkatu 16. Tilaisuus l\u00e4hetet\u00e4\u00e4n suorana nettiin. Kumppanij\u00e4rjest\u00e4j\u00e4 on Suomen sosiaalioikeudellinen yhdistys-<\/p>\n<p>b) Osallistutaan Suomen sosiaalifoorumiin ainakin kolmella tapahtumalla yhteisty\u00f6kumppaneiden kanssa.<\/p>\n<p>c) My\u00f6s muita tilaisuuksia j\u00e4rjestet\u00e4\u00e4n tarpeen mukaan.<\/p>\n<p>d) Toimitaan Suomen YK-liitossa. N\u00e4in halutaan korostaa ihmisoikeuksien merkityst\u00e4 hyvinvointivaltion vaalimisessa.<\/p>\n<p>e) Terttu Savola on EAPN-Finin hallituksen j\u00e4sen.<\/p>\n<p>f) Tuetaan mahdollisuuksien mukaan Turun ja Oulun sosiaalifoorumeita ja muita vastaavia tilaisuuksia.<br \/>\ng) Pyrit\u00e4\u00e4n j\u00e4rjest\u00e4m\u00e4\u00e4n toinen Jutta-mallin k\u00e4ytt\u00f6koulutus.<\/p>\n<p>h) Suunnitellaan Otavan Osuuskunta opistolle syksyll\u00e4 ty\u00f6pajakokonaisuus, jossa tavalliset kansalaiset voivat arvioida laki- ja muita uudistuksia tai teknisi\u00e4 v\u00e4liteit\u00e4 monipuolisesti oman hyvinvointinsa ja selviytymisens\u00e4 n\u00e4k\u00f6kulmasta.<br \/>\ni) Tuetaan hyvalaisten organisoimia tilaisuuksia mahdollisuuksien mukaan.<br \/>\nj) Pyrit\u00e4\u00e4n kasvattamaan j\u00e4senm\u00e4\u00e4r\u00e4.<\/p>\n<p>k) J\u00e4rjestet\u00e4\u00e4n syyskaudella seminaari tai vastaava hyv\u00e4n keh\u00e4st\u00e4 ja onnellisuudesta sek\u00e4 arkip\u00e4iv\u00e4st\u00e4.<\/p>\n<p>l) Mahdollisesti kev\u00e4\u00e4ll\u00e4 seminaaria kilpailuttamisesta.<\/p>\n<p>Puheenjohtaja Juha Nurmela<\/p>\n<p>TILINP\u00c4\u00c4T\u00d6S 2013<\/p>\n<table border=\"0\" cellspacing=\"0\" cellpadding=\"0\" width=\"378\">\n<colgroup>\n<col span=\"7\" width=\"54\"><\/col>\n<\/colgroup>\n<tbody>\n<tr height=\"16\">\n<td colspan=\"5\" width=\"270\" height=\"16\">Hyvinvointivaltion vaalijat HYVA   ry<\/td>\n<td width=\"54\"><\/td>\n<td width=\"54\"><\/td>\n<\/tr>\n<tr height=\"16\">\n<td colspan=\"3\" height=\"16\">TILINP\u00c4\u00c4T\u00d6S 2013<\/td>\n<td><\/td>\n<td><\/td>\n<td><\/td>\n<td><\/td>\n<\/tr>\n<tr height=\"15\">\n<td height=\"15\"><\/td>\n<td><\/td>\n<td><\/td>\n<td><\/td>\n<td><\/td>\n<td><\/td>\n<td><\/td>\n<\/tr>\n<tr height=\"15\">\n<td colspan=\"4\" height=\"15\">Tuloslaskelma 1.1.2013 &#8211; 31.12.2013<\/td>\n<td><\/td>\n<td><\/td>\n<td><\/td>\n<\/tr>\n<tr height=\"15\">\n<td height=\"15\">Tulotilit<\/td>\n<td><\/td>\n<td><\/td>\n<td><\/td>\n<td><\/td>\n<td><\/td>\n<td><\/td>\n<\/tr>\n<tr height=\"15\">\n<td colspan=\"3\" height=\"15\">Varainhankinnan tulot<\/td>\n<td><\/td>\n<td><\/td>\n<td><\/td>\n<td><\/td>\n<\/tr>\n<tr height=\"15\">\n<td height=\"15\"><\/td>\n<td align=\"right\">310<\/td>\n<td colspan=\"2\">J\u00e4senmaksut<\/td>\n<td><\/td>\n<td><\/td>\n<td align=\"right\">585<\/td>\n<\/tr>\n<tr height=\"15\">\n<td height=\"15\"><\/td>\n<td align=\"right\">311<\/td>\n<td colspan=\"3\">Avustukset ja lahjoitukset<\/td>\n<td><\/td>\n<td><\/td>\n<\/tr>\n<tr height=\"15\">\n<td height=\"15\"><\/td>\n<td align=\"right\">319<\/td>\n<td colspan=\"3\">Muut varainhankinnan tulot<\/td>\n<td><\/td>\n<td align=\"right\">60<\/td>\n<\/tr>\n<tr height=\"15\">\n<td colspan=\"4\" height=\"15\">Yhteens\u00e4 varainhankinnan tulot<\/td>\n<td><\/td>\n<td><\/td>\n<td align=\"right\">645<\/td>\n<\/tr>\n<tr height=\"15\">\n<td height=\"15\"><\/td>\n<td><\/td>\n<td><\/td>\n<td><\/td>\n<td><\/td>\n<td><\/td>\n<td><\/td>\n<\/tr>\n<tr height=\"15\">\n<td colspan=\"2\" height=\"15\">Yhteens\u00e4 tulotilit<\/td>\n<td><\/td>\n<td><\/td>\n<td><\/td>\n<td><\/td>\n<td align=\"right\">645<\/td>\n<\/tr>\n<tr height=\"15\">\n<td height=\"15\"><\/td>\n<td><\/td>\n<td><\/td>\n<td><\/td>\n<td><\/td>\n<td><\/td>\n<td><\/td>\n<\/tr>\n<tr height=\"15\">\n<td colspan=\"2\" height=\"15\">Menotilit<\/td>\n<td><\/td>\n<td><\/td>\n<td><\/td>\n<td><\/td>\n<td><\/td>\n<\/tr>\n<tr height=\"15\">\n<td colspan=\"3\" height=\"15\">Varsinaisen toiminnan menot<\/td>\n<td><\/td>\n<td><\/td>\n<td><\/td>\n<td><\/td>\n<\/tr>\n<tr height=\"15\">\n<td height=\"15\"><\/td>\n<td align=\"right\">400<\/td>\n<td colspan=\"3\">Menot omista tilaisuuksista<\/td>\n<td><\/td>\n<td><\/td>\n<\/tr>\n<tr height=\"15\">\n<td height=\"15\"><\/td>\n<td align=\"right\">401<\/td>\n<td colspan=\"3\">Menot muiden tilaisuuksista<\/td>\n<td><\/td>\n<td align=\"right\">100<\/td>\n<\/tr>\n<tr height=\"15\">\n<td height=\"15\"><\/td>\n<td align=\"right\">406<\/td>\n<td colspan=\"3\">Tiedotus ja julkaisutoiminta<\/td>\n<td><\/td>\n<td align=\"right\">1351,2<\/td>\n<\/tr>\n<tr height=\"15\">\n<td height=\"15\"><\/td>\n<td align=\"right\">409<\/td>\n<td colspan=\"2\">Tilavuokrat<\/td>\n<td><\/td>\n<td><\/td>\n<td><\/td>\n<\/tr>\n<tr height=\"15\">\n<td height=\"15\"><\/td>\n<td align=\"right\">407<\/td>\n<td colspan=\"2\">Hallintomenot<\/td>\n<td><\/td>\n<td><\/td>\n<td><\/td>\n<\/tr>\n<tr height=\"15\">\n<td height=\"15\"><\/td>\n<td><\/td>\n<td><\/td>\n<td><\/td>\n<td><\/td>\n<td><\/td>\n<td><\/td>\n<\/tr>\n<tr height=\"15\">\n<td colspan=\"4\" height=\"15\">Yhteens\u00e4 varsinaisen toiminnan menot<\/td>\n<td><\/td>\n<td><\/td>\n<td align=\"right\">1451,2<\/td>\n<\/tr>\n<tr height=\"15\">\n<td height=\"15\"><\/td>\n<td><\/td>\n<td><\/td>\n<td><\/td>\n<td><\/td>\n<td><\/td>\n<td><\/td>\n<\/tr>\n<tr height=\"15\">\n<td colspan=\"4\" height=\"15\">Varainhankinnan menot (429)<\/td>\n<td><\/td>\n<td><\/td>\n<td align=\"right\">110<\/td>\n<\/tr>\n<tr height=\"15\">\n<td height=\"15\"><\/td>\n<td><\/td>\n<td><\/td>\n<td><\/td>\n<td><\/td>\n<td><\/td>\n<td><\/td>\n<\/tr>\n<tr height=\"15\">\n<td colspan=\"2\" height=\"15\">Rahoitusmenot<\/td>\n<td><\/td>\n<td><\/td>\n<td><\/td>\n<td><\/td>\n<td><\/td>\n<\/tr>\n<tr height=\"15\">\n<td height=\"15\"><\/td>\n<td align=\"right\">431<\/td>\n<td colspan=\"3\">Rahalaitosten palvelumaksut<\/td>\n<td><\/td>\n<td align=\"right\">81,61<\/td>\n<\/tr>\n<tr height=\"15\">\n<td height=\"15\"><\/td>\n<td><\/td>\n<td><\/td>\n<td><\/td>\n<td><\/td>\n<td><\/td>\n<td><\/td>\n<\/tr>\n<tr height=\"15\">\n<td colspan=\"2\" height=\"15\">Yhteens\u00e4 menotilit<\/td>\n<td><\/td>\n<td><\/td>\n<td><\/td>\n<td><\/td>\n<td align=\"right\">1642,81<\/td>\n<\/tr>\n<tr height=\"15\">\n<td height=\"15\"><\/td>\n<td><\/td>\n<td><\/td>\n<td><\/td>\n<td><\/td>\n<td><\/td>\n<td><\/td>\n<\/tr>\n<tr height=\"15\">\n<td colspan=\"3\" height=\"15\">Tilikauden yli\/alij\u00e4\u00e4m\u00e4<\/td>\n<td><\/td>\n<td><\/td>\n<td><\/td>\n<td align=\"right\">-997,81<\/td>\n<\/tr>\n<tr height=\"15\">\n<td height=\"15\"><\/td>\n<td><\/td>\n<td><\/td>\n<td><\/td>\n<td><\/td>\n<td><\/td>\n<td><\/td>\n<\/tr>\n<tr height=\"15\">\n<td colspan=\"3\" height=\"15\">TASE 31.12.2013<\/td>\n<td><\/td>\n<td><\/td>\n<td><\/td>\n<td><\/td>\n<\/tr>\n<tr height=\"15\">\n<td colspan=\"2\" height=\"15\">Vastaavaa<\/td>\n<td><\/td>\n<td><\/td>\n<td><\/td>\n<td><\/td>\n<td><\/td>\n<\/tr>\n<tr height=\"15\">\n<td height=\"15\">Rahat<\/td>\n<td><\/td>\n<td><\/td>\n<td><\/td>\n<td><\/td>\n<td><\/td>\n<td><\/td>\n<\/tr>\n<tr height=\"15\">\n<td height=\"15\"><\/td>\n<td align=\"right\">101<\/td>\n<td colspan=\"2\">DanskeBank<\/td>\n<td><\/td>\n<td><\/td>\n<td align=\"right\">591,8<\/td>\n<\/tr>\n<tr height=\"15\">\n<td colspan=\"3\" height=\"15\">Vastaavaa yhteens\u00e4<\/td>\n<td><\/td>\n<td><\/td>\n<td><\/td>\n<td align=\"right\">591,8<\/td>\n<\/tr>\n<tr height=\"15\">\n<td height=\"15\"><\/td>\n<td><\/td>\n<td><\/td>\n<td><\/td>\n<td><\/td>\n<td><\/td>\n<td><\/td>\n<\/tr>\n<tr height=\"15\">\n<td colspan=\"2\" height=\"15\">Vastattavaa<\/td>\n<td><\/td>\n<td><\/td>\n<td><\/td>\n<td><\/td>\n<td><\/td>\n<\/tr>\n<tr height=\"15\">\n<td colspan=\"2\" height=\"15\">Oma p\u00e4\u00e4oma<\/td>\n<td><\/td>\n<td><\/td>\n<td><\/td>\n<td><\/td>\n<td><\/td>\n<\/tr>\n<tr height=\"15\">\n<td height=\"15\"><\/td>\n<td align=\"right\">222<\/td>\n<td colspan=\"3\">Ed. tilikauden ylij\u00e4\u00e4m\u00e4<\/td>\n<td><\/td>\n<td align=\"right\">1486,62<\/td>\n<\/tr>\n<tr height=\"15\">\n<td height=\"15\"><\/td>\n<td><\/td>\n<td colspan=\"2\">Tilkauden alij\u00e4\u00e4m\u00e4<\/td>\n<td><\/td>\n<td><\/td>\n<td align=\"right\">-997,81<\/td>\n<\/tr>\n<tr height=\"15\">\n<td colspan=\"3\" height=\"15\">Vastattavaa yhteens\u00e4<\/td>\n<td><\/td>\n<td><\/td>\n<td><\/td>\n<td align=\"right\">488,81<\/td>\n<\/tr>\n<tr height=\"15\">\n<td height=\"15\"><\/td>\n<td><\/td>\n<td><\/td>\n<td><\/td>\n<td><\/td>\n<td><\/td>\n<td><\/td>\n<\/tr>\n<tr height=\"15\">\n<td colspan=\"4\" height=\"15\">Helsingiss\u00e4 4. helmikuuta 2014<\/td>\n<td><\/td>\n<td><\/td>\n<td><\/td>\n<\/tr>\n<tr height=\"15\">\n<td height=\"15\"><\/td>\n<td><\/td>\n<td><\/td>\n<td><\/td>\n<td><\/td>\n<td><\/td>\n<td><\/td>\n<\/tr>\n<tr height=\"15\">\n<td colspan=\"7\" height=\"15\">Hyva ry:n hallituksen kokouksen p\u00e4\u00e4t\u00f6ksen   mukaisesti<\/td>\n<\/tr>\n<\/tbody>\n<\/table>\n<p>TALOUSARVIO VUODELLE\u00a0 2014<\/p>\n<table border=\"0\" cellspacing=\"0\" cellpadding=\"0\" width=\"363\">\n<colgroup>\n<col width=\"54\"><\/col>\n<col width=\"39\"><\/col>\n<col span=\"3\" width=\"54\"><\/col>\n<col span=\"2\" width=\"54\"><\/col>\n<\/colgroup>\n<tbody>\n<tr height=\"15\">\n<td colspan=\"4\" width=\"201\" height=\"15\">Hyvinvointivaltion vaalijat HYVA   ry<\/td>\n<td width=\"54\"><\/td>\n<td width=\"54\"><\/td>\n<td width=\"54\"><\/td>\n<\/tr>\n<tr height=\"15\">\n<td colspan=\"4\" height=\"15\">Talousarvio 1.1.2014 -31.12.2014<\/td>\n<td><\/td>\n<td><\/td>\n<td><\/td>\n<\/tr>\n<tr height=\"15\">\n<td height=\"15\"><\/td>\n<td><\/td>\n<td><\/td>\n<td><\/td>\n<td><\/td>\n<td><\/td>\n<td><\/td>\n<\/tr>\n<tr height=\"15\">\n<td height=\"15\">Tulotilit<\/td>\n<td><\/td>\n<td><\/td>\n<td><\/td>\n<td><\/td>\n<td align=\"right\">2014<\/td>\n<td><\/td>\n<\/tr>\n<tr height=\"15\">\n<td colspan=\"4\" height=\"15\">Varsinaisen toiminnan tulot<\/td>\n<td><\/td>\n<td><\/td>\n<td><\/td>\n<\/tr>\n<tr height=\"15\">\n<td height=\"15\"><\/td>\n<td align=\"right\">300<\/td>\n<td colspan=\"3\">Tulot omista tilaisuuksista<\/td>\n<td><\/td>\n<td><\/td>\n<\/tr>\n<tr height=\"15\">\n<td height=\"15\"><\/td>\n<td align=\"right\">301<\/td>\n<td colspan=\"3\">Tulot muiden tilaisuuksista<\/td>\n<td><\/td>\n<td><\/td>\n<\/tr>\n<tr height=\"15\">\n<td height=\"15\"><\/td>\n<td align=\"right\">309<\/td>\n<td colspan=\"5\">Muut varsinaisen toiminnan tulot<\/td>\n<td><\/td>\n<\/tr>\n<tr height=\"15\">\n<td colspan=\"4\" height=\"15\">Yhteens\u00e4 varsinaisen toiminna tulot<\/td>\n<td><\/td>\n<td><\/td>\n<td><\/td>\n<\/tr>\n<tr height=\"15\">\n<td colspan=\"3\" height=\"15\">Varainhankinnan tulot<\/td>\n<td><\/td>\n<td><\/td>\n<td><\/td>\n<td><\/td>\n<\/tr>\n<tr height=\"15\">\n<td height=\"15\"><\/td>\n<td align=\"right\">310<\/td>\n<td colspan=\"2\">J\u00e4senmaksut<\/td>\n<td><\/td>\n<td align=\"right\">800<\/td>\n<td><\/td>\n<\/tr>\n<tr height=\"15\">\n<td height=\"15\"><\/td>\n<td><\/td>\n<td><\/td>\n<td colspan=\"2\">Yhteis\u00f6j\u00e4senet<\/td>\n<td><\/td>\n<td><\/td>\n<\/tr>\n<tr height=\"15\">\n<td height=\"15\"><\/td>\n<td align=\"right\">311<\/td>\n<td colspan=\"3\">Avustukset ja lahjoitukset<\/td>\n<td><\/td>\n<td><\/td>\n<\/tr>\n<tr height=\"15\">\n<td height=\"15\"><\/td>\n<td align=\"right\">319<\/td>\n<td colspan=\"3\">Muut varainhankinnan tulot<\/td>\n<td align=\"right\">50<\/td>\n<td><\/td>\n<\/tr>\n<tr height=\"15\">\n<td colspan=\"4\" height=\"15\">Yhteens\u00e4 varainhankinnan tulot<\/td>\n<td><\/td>\n<td align=\"right\">850<\/td>\n<td><\/td>\n<\/tr>\n<tr height=\"15\">\n<td height=\"15\"><\/td>\n<td><\/td>\n<td><\/td>\n<td><\/td>\n<td><\/td>\n<td><\/td>\n<td><\/td>\n<\/tr>\n<tr height=\"15\">\n<td colspan=\"3\" height=\"15\">Yhteens\u00e4 tulot<\/td>\n<td><\/td>\n<td><\/td>\n<td align=\"right\">850<\/td>\n<td><\/td>\n<\/tr>\n<tr height=\"15\">\n<td height=\"15\"><\/td>\n<td><\/td>\n<td><\/td>\n<td><\/td>\n<td><\/td>\n<td><\/td>\n<td><\/td>\n<\/tr>\n<tr height=\"15\">\n<td height=\"15\">Menot<\/td>\n<td><\/td>\n<td><\/td>\n<td><\/td>\n<td><\/td>\n<td><\/td>\n<td><\/td>\n<\/tr>\n<tr height=\"15\">\n<td colspan=\"4\" height=\"15\">Varsinaisen toiminnan menot<\/td>\n<td><\/td>\n<td><\/td>\n<td><\/td>\n<\/tr>\n<tr height=\"15\">\n<td height=\"15\"><\/td>\n<td align=\"right\">400<\/td>\n<td colspan=\"3\">Menot omista tilaisuuksista<\/td>\n<td align=\"right\">100<\/td>\n<td>Vuosikokous<\/td>\n<\/tr>\n<tr height=\"53\">\n<td height=\"53\"><\/td>\n<td align=\"right\">401<\/td>\n<td colspan=\"3\">Menot muiden tilaisuuksista<\/td>\n<td align=\"right\">350<\/td>\n<td width=\"54\">Sosiaaliforum+ Muiden til.tuki<\/td>\n<\/tr>\n<tr height=\"15\">\n<td height=\"15\"><\/td>\n<td align=\"right\">403<\/td>\n<td colspan=\"2\">Postitusmenot<\/td>\n<td><\/td>\n<td><\/td>\n<td><\/td>\n<\/tr>\n<tr height=\"15\">\n<td height=\"15\"><\/td>\n<td align=\"right\">406<\/td>\n<td colspan=\"3\">Tiedotus ja julkaisutoiminta<\/td>\n<td><\/td>\n<td><\/td>\n<\/tr>\n<tr height=\"15\">\n<td height=\"15\"><\/td>\n<td align=\"right\">407<\/td>\n<td colspan=\"2\">Hallintomenot<\/td>\n<td><\/td>\n<td><\/td>\n<td><\/td>\n<\/tr>\n<tr height=\"15\">\n<td height=\"15\"><\/td>\n<td align=\"right\">409<\/td>\n<td colspan=\"2\">Tilavuokrat<\/td>\n<td><\/td>\n<td><\/td>\n<td><\/td>\n<\/tr>\n<tr height=\"15\">\n<td height=\"15\"><\/td>\n<td align=\"right\">410<\/td>\n<td colspan=\"2\">Palkat ja palkkiot<\/td>\n<td><\/td>\n<td><\/td>\n<td><\/td>\n<\/tr>\n<tr height=\"15\">\n<td height=\"15\"><\/td>\n<td align=\"right\">411<\/td>\n<td colspan=\"2\">Henkil\u00f6st\u00f6sivukulut<\/td>\n<td><\/td>\n<td><\/td>\n<td><\/td>\n<\/tr>\n<tr height=\"15\">\n<td height=\"15\"><\/td>\n<td align=\"right\">412<\/td>\n<td colspan=\"3\">Koulutus j\u00e4senist\u00f6lle<\/td>\n<td><\/td>\n<td><\/td>\n<\/tr>\n<tr height=\"15\">\n<td height=\"15\"><\/td>\n<td align=\"right\">419<\/td>\n<td colspan=\"4\">Muut varsinaisen toiminnan menot<\/td>\n<td align=\"right\">200<\/td>\n<td><\/td>\n<\/tr>\n<tr height=\"15\">\n<td height=\"15\"><\/td>\n<td align=\"right\">420<\/td>\n<td colspan=\"2\">J\u00e4senmaksut<\/td>\n<td><\/td>\n<td align=\"right\">130<\/td>\n<td>EAPN+YK<\/td>\n<\/tr>\n<tr height=\"15\">\n<td colspan=\"5\" height=\"15\">Yhteens\u00e4 varsinaisen toiminnan menot<\/td>\n<td align=\"right\">780<\/td>\n<td><\/td>\n<\/tr>\n<tr height=\"15\">\n<td height=\"15\"><\/td>\n<td><\/td>\n<td><\/td>\n<td><\/td>\n<td><\/td>\n<td><\/td>\n<td><\/td>\n<\/tr>\n<tr height=\"15\">\n<td colspan=\"4\" height=\"15\">Varainhankinnan menot (429)<\/td>\n<td><\/td>\n<td><\/td>\n<td><\/td>\n<\/tr>\n<tr height=\"15\">\n<td colspan=\"2\" height=\"15\">Rahoitusmenot<\/td>\n<td><\/td>\n<td><\/td>\n<td><\/td>\n<td><\/td>\n<td><\/td>\n<\/tr>\n<tr height=\"15\">\n<td height=\"15\"><\/td>\n<td align=\"right\">431<\/td>\n<td colspan=\"3\">Rahalaitosten palvelumaksut<\/td>\n<td align=\"right\">82<\/td>\n<td><\/td>\n<\/tr>\n<tr height=\"15\">\n<td height=\"15\"><\/td>\n<td><\/td>\n<td><\/td>\n<td><\/td>\n<td><\/td>\n<td><\/td>\n<td><\/td>\n<\/tr>\n<tr height=\"15\">\n<td colspan=\"3\" height=\"15\">Yhteens\u00e4 menot<\/td>\n<td><\/td>\n<td><\/td>\n<td align=\"right\">862<\/td>\n<td><\/td>\n<\/tr>\n<tr height=\"15\">\n<td height=\"15\"><\/td>\n<td><\/td>\n<td><\/td>\n<td><\/td>\n<td><\/td>\n<td><\/td>\n<td><\/td>\n<\/tr>\n<tr height=\"15\">\n<td colspan=\"3\" height=\"15\">Siirto edelliselt\u00e4 vuodelta<\/td>\n<td><\/td>\n<td><\/td>\n<td align=\"right\">488,81<\/td>\n<td><\/td>\n<\/tr>\n<tr height=\"15\">\n<td height=\"15\"><\/td>\n<td><\/td>\n<td><\/td>\n<td><\/td>\n<td><\/td>\n<td><\/td>\n<td><\/td>\n<\/tr>\n<tr height=\"16\">\n<td colspan=\"4\" height=\"16\">Tilikauden yli\/alij\u00e4\u00e4m\u00e4<\/td>\n<td><\/td>\n<td align=\"right\">476,81<\/td>\n<td><\/td>\n<\/tr>\n<\/tbody>\n<\/table>\n","protected":false},"excerpt":{"rendered":"<p>T\u00e4ss\u00e4 esitell\u00e4\u00e4n Hyvinvointivaltion vaalijat ry:n toimintakertomus vuodelta 2013 ja toimintasuunnitelma vuodelta 2014 sek\u00e4 vuoden 2013 tilinp\u00e4\u00e4t\u00f6s ja vuoden 2014 talousarvio.<\/p>\n<p>Hyvinvointivaltion vaalijat ry<\/p>\n<p>Toimintakertomus vuodelta 2013<\/p>\n<p>HYVA on yhdistys, joka ker\u00e4\u00e4 ja levitt\u00e4\u00e4 tietoa pohjoismaisen hyvinvointivaltion paremmuudesta muihin valtiollisiin j\u00e4rjestelmiin verrattuna. T\u00e4m\u00e4n periaatteen mukaisesti on toimittu my\u00f6s vuonna 2013.<\/p>\n<p>Hallinto:<\/p>\n<p>Hallitukseen ovat kuuluneet seuraavat henkil\u00f6t: [&#8230;]<\/p>\n","protected":false},"author":2,"featured_media":0,"parent":0,"menu_order":0,"comment_status":"open","ping_status":"open","template":"","meta":{"footnotes":""},"class_list":["post-447","page","type-page","status-publish","hentry","odd"],"_links":{"self":[{"href":"https:\/\/hyvinvointivaltio.fi\/index.php?rest_route=\/wp\/v2\/pages\/447","targetHints":{"allow":["GET"]}}],"collection":[{"href":"https:\/\/hyvinvointivaltio.fi\/index.php?rest_route=\/wp\/v2\/pages"}],"about":[{"href":"https:\/\/hyvinvointivaltio.fi\/index.php?rest_route=\/wp\/v2\/types\/page"}],"author":[{"embeddable":true,"href":"https:\/\/hyvinvointivaltio.fi\/index.php?rest_route=\/wp\/v2\/users\/2"}],"replies":[{"embeddable":true,"href":"https:\/\/hyvinvointivaltio.fi\/index.php?rest_route=%2Fwp%2Fv2%2Fcomments&post=447"}],"version-history":[{"count":9,"href":"https:\/\/hyvinvointivaltio.fi\/index.php?rest_route=\/wp\/v2\/pages\/447\/revisions"}],"predecessor-version":[{"id":458,"href":"https:\/\/hyvinvointivaltio.fi\/index.php?rest_route=\/wp\/v2\/pages\/447\/revisions\/458"}],"wp:attachment":[{"href":"https:\/\/hyvinvointivaltio.fi\/index.php?rest_route=%2Fwp%2Fv2%2Fmedia&parent=447"}],"curies":[{"name":"wp","href":"https:\/\/api.w.org\/{rel}","templated":true}]}}