{"id":245,"date":"2012-03-10T13:33:56","date_gmt":"2012-03-10T11:33:56","guid":{"rendered":"http:\/\/www.hyvinvointivaltio.fi\/?page_id=245"},"modified":"2021-05-24T13:35:40","modified_gmt":"2021-05-24T11:35:40","slug":"hyvan-vuosikokousasiakirjat-2021","status":"publish","type":"page","link":"https:\/\/hyvinvointivaltio.fi\/?page_id=245","title":{"rendered":"Vuosikokous 2012 asiakirjat"},"content":{"rendered":"<p>T\u00e4ss\u00e4 esitell\u00e4\u00e4n Hyvinvointivaltion vaalijat ry:n toimintakertomus vuodelta 2011 ja toimintasuunnitelma vuodelta 2012. Vuoden 2011 tilinp\u00e4\u00e4t\u00f6s ja vuoden 2012 talousarvio \u00a0esitell\u00e4\u00e4n vuosikokouksessa.<\/p>\n<p><strong>Hyvinvointivaltion vaalijat ry <\/strong><\/p>\n<p>Toimintakertomus vuodelta 2011<\/p>\n<p>Hallitus kokoontui kahdeksan kertaa. Siihen kuuluivat puheenjohtajana Juha Nurmela ja j\u00e4senin\u00e4 Markku Kek\u00e4l\u00e4inen (varapuheenjohtaja, joka erosi hallituksesta omasta aloitteestaan syyskuussa, Pirkko Justander (yhdistyksen sihteeri), Olli Salin (rahastonhoitaja), Lilli Autti, Tuuli Hirvilammi, Kaarina Kailo (Oulu), Jouko Kajanoja, Marja Kantanen, Anja-Riitta Ketokoski, Liisa Kirves, Leo Lindstedt (Turku), Eeva Kaukoluoto, Terttu Savola, Nils Torvalds, P\u00e4ivi Uljas, Thomas Wallgren ja Marja-Liisa Viher\u00e4.<\/p>\n<p>Toiminnantarkastajana toimi Pekka Luoma ja varalla Raimo Parikka.<\/p>\n<p>Vuosikokous pidettiin 11.2.2011 Kampin palvelukeskuksessa. Vuosikokouksen j\u00e4lkeen julkistettiin Hyvinvointivaltion vaalijoiden hallitusohjelma ja professori Matti Tuomela alusti veropolitiikasta.<\/p>\n<p>Toiminta vuonna 2011:<\/p>\n<p>1. Tuettiin Oulun vaihtoehtoliikkeiden seminaaria ja Turun sosiaalifoorumia<\/p>\n<p>2. Osallistuttiin Paltamon ty\u00f6llist\u00e4mismallia koskevan seminaarin (16.2.2011) j\u00e4rjestelyyn yhteisty\u00f6tahojen kanssa.<\/p>\n<p>3. Osallistuttiin Suomen sosiaalifoorumiin Helsingiss\u00e4 Arbiksella 2-3.4.2011 kahdella seminaarilla: Ensimm\u00e4isess\u00e4 analysoitiin keit\u00e4 yhteiskunnallinen ep\u00e4varmuus ja talouden heilahtelut hy\u00f6dytt\u00e4v\u00e4t. Toinen seminaari oli kansalaisaktiivien tapaaminen, jossa pohdittiin yhteistoimintaan eri puolilla Suomea toimivien kansalaisverkostojen kanssa. Lis\u00e4ksi puheenjohtaja Nurmela toimi sosiaalifoorumin avajaisten vet\u00e4j\u00e4n\u00e4.<\/p>\n<p>4. Osallistuttiin Otavan opiston hyvinvointivaltio ilmi\u00f6alueen opintokokonaisuuden toteutukseen.<\/p>\n<p>5. Osallistuttiin eduskuntavaaleja edelt\u00e4viin vanhuspoliittisten keskustelutilaisuuksien j\u00e4rjest\u00e4miseen yhteisty\u00f6tahojen kanssa eri puolilla Suomea.<\/p>\n<p>6. J\u00e4rjestettiin hyvinvoinnin ja onnellisuuden mittaamista k\u00e4sittelev\u00e4 viikonlopputy\u00f6paja Otavan opistolla. Sen antia esiteltiin It\u00e4-Suomen yliopiston seminaarissa my\u00f6hemmin syksyll\u00e4<\/p>\n<p>7. J\u00e4rjestettiin yhdess\u00e4 Senioriliikkeen ja Kirkon yhteiskunnallisen ty\u00f6n kanssa valmistella olevaan vanhuslakia koskeva seminaari \u201dMiten j\u00e4rjestet\u00e4\u00e4n i\u00e4kk\u00e4iden ihmisten asuminen ja hoiva\u201d Helsingiss\u00e4 Seurakuntayhtym\u00e4ss\u00e4 lokakuun lopulla.<\/p>\n<p>8. P\u00e4ivitettiin HYVAN esite postikortinmuotoon ja otettiin siit\u00e4 1000 kpl painos.<\/p>\n<p>9. Osallistuttiin VVT toisin yhdistyksen organisoimaan tapahtumaan Paasitornissa esittelyp\u00f6yd\u00e4ll\u00e4 sek\u00e4 Kajanojan ja Hirvilammin alustuksilla.<\/p>\n<p>9. Pidettiin Hyvinvointivaltion vaalijoiden viisivuotisjuhla Rauhanasemalla joulukuussa. Juhla-alustuksen piti P\u00e4ivi Uljas. Alustus k\u00e4sitteli hyvinvointivaltion kehkeytymist\u00e4 1950-luvulla.<\/p>\n<p>10. Nurmela kirjoitti VVT yhdistyksen Metropoli pamflettiin artikkelin l\u00e4hidemokratiasta ja \u2013palveluista.<\/p>\n<p>J\u00e4senist\u00f6n m\u00e4\u00e4r\u00e4 pysyi suunnilleen ennallaan. J\u00e4senhankintaa tehtiin jonkin verran mm. postikortteja l\u00e4hett\u00e4m\u00e4ll\u00e4<\/p>\n<p>Kotisivuille lis\u00e4ttiin nettiin suorana l\u00e4hetettyjen esitysten nauhoituksia. Useita HYVAN tilaisuuksia oli mahdollista seurata suorana netitse. Kotisivujen ruotsin- ja englanninkielisi\u00e4 perussivuja ei saatu viel\u00e4 aikaiseksi suomenkielisten oheen.<\/p>\n<p>Yhteisty\u00f6n muiden yhdistysten kanssa oli kohtuullisen vilkasta. Terttu Savola (hallituksen j\u00e4sen) valittiin EAPN-Fin hallituksen j\u00e4seneksi. Juha Nurmela on ollut VVT yhdistyksen hallituksen varaj\u00e4sen.<\/p>\n<p>Vakuudeksi<\/p>\n<p>Juha Nurmela<\/p>\n<p>Puheenjohtaja<\/p>\n<p><strong>Hyvinvointivaltionvaalijat ry:n toimintasuunnitelma 2012<\/strong><\/p>\n<p>HYVA on yhdistys, joka ker\u00e4\u00e4 ja levitt\u00e4\u00e4 tietoa hyvinvointivaltion\u00a0erinomaisuudesta muihin j\u00e4rjestelmiin verrattuna.<\/p>\n<p><strong>Vuonna 2012 HYVA:<\/strong><\/p>\n<ol>\n<li><strong> <\/strong>jatkaa hyvinvoinnin mittaamisen k\u00e4sittely\u00e4 Kuopion<br \/>\nSosiologip\u00e4ivill\u00e4 osallistumalla ty\u00f6ryhm\u00e4\u00e4n joka k\u00e4sittelee onnellisuuden ja subjektiivisen hyvinvoinnin mittaamista.<\/li>\n<li><strong> <\/strong>osallistuu Suomen sosiaalifoorumiin Helsingiss\u00e4 Arbiksella 21.4. -22.4.2011 yhdell\u00e4 tai kahdella seminaarilla sek\u00e4 mahdollisesti samoilla teemoilla my\u00f6s Tampereen sosiaalifoorumiin sek\u00e4 eri paikkakuntien vastaaviin seminaareihin taloudellisten resurssien puitteissa.<\/li>\n<li><strong> <\/strong>j\u00e4rjest\u00e4\u00e4 yhdess\u00e4 Otavan opiston kanssa viikonloppukurssin Otavassa16.3 -17.3 2012. Kurssilla arvioidaan vanhuslain lakiluonnosta ja laissa esitettyjen sosiaali- ja terveyspalvelujen toimivuutta sukupuoli- ja sosiaalisten vaikutusten n\u00e4k\u00f6kulmasta.<\/li>\n<li><strong> <\/strong>pyrkii yhdess\u00e4 Otavan opiston kanssa laatimaan verkkokurssin, jossa<br \/>\ntutustutaan kunnan budjetin tuloihin ja menoihin tarkalla tasolla sek\u00e4 opitaan tekem\u00e4\u00e4n kunnallisvaaliehdokkaille kysymyksi\u00e4.<\/li>\n<li>j\u00e4rjest\u00e4\u00e4 syksyll\u00e4 Vanhusten itsem\u00e4\u00e4r\u00e4\u00e4misoikeus -seminaarin yhteisty\u00f6ss\u00e4 Kirkon yhteiskunnallisenty\u00f6n ja Senioriliikkeen kanssa 18.10.2012 klo 12 \u2013 17. Paikka on Kirkkohallituksen juhlasali Satamakatu 11, Helsinki.<\/li>\n<li><strong> <\/strong>jatkaa j\u00e4senhankintaa, erityisesti halutaan ty\u00f6paikkatason ay-yhdistyksi\u00e4 mukaan joko j\u00e4seniksi tai tukijoiksi.<\/li>\n<li>kehitt\u00e4\u00e4 kotisivuja. Tavoitteena on saada nettisivuille<br \/>\ns\u00e4\u00e4nn\u00f6llinen artikkelisarja sek\u00e4 hyvalaisten alustusten kalvoja ja \u00e4\u00e4nitteit\u00e4. Ruotsin- ja englanninkieliset perussivut tehd\u00e4\u00e4n suomenkielisten oheen.<\/li>\n<li><strong> <\/strong>kehitt\u00e4\u00e4 yhteisty\u00f6t\u00e4 ja etsii yhteisty\u00f6kumppaneita mm. seuraavista tahoista: Iloiset Veronmaksajat, Vapaus Valita Toisin, Attac, Sosiaalipoliittinen yhdistys, Vasemmistofoorumi, Kalevi Sorsa s\u00e4\u00e4ti\u00f6 sek\u00e4 ty\u00f6paikkojen ammattiyhdistykset.<\/li>\n<li><strong> <\/strong>osallistuu yhteiskunnalliseen keskusteluun eri medioissa.<\/li>\n<\/ol>\n<p>Hyvinvointivaliton vaalijoiden hallituksessa voi olla 6-20 j\u00e4sent\u00e4. <strong>Hallitukseen toivotaan \u00a0lis\u00e4\u00e4 aktiivisia j\u00e4seni\u00e4<\/strong>. Alla olevan listan henkil\u00f6t ovat lupautuneet \u00a0hallitukseen.<\/p>\n<p><strong>Ehdotus Hyvinvointivaltion vaalijoiden hallitukseksi :<\/strong><\/p>\n<p><strong> <\/strong><\/p>\n<p><strong>puheenjohtaja<\/strong>:<\/p>\n<p>Juha Nurmela<\/p>\n<p><strong>hallituksen j\u00e4senet:<\/strong><\/p>\n<p>Pirkko Justander,<\/p>\n<p>Olli Salin ,<\/p>\n<p>Kaarina Kailo (Oulu),<\/p>\n<p>Jouko Kajanoja,<\/p>\n<p>Marja Kantanen,<\/p>\n<p>Anja-Riitta Ketokoski,<\/p>\n<p>Liisa Kirves,<\/p>\n<p>Leo Lindstedt (Turku),<\/p>\n<p>Terttu Savola,<\/p>\n<p>Nils Torvalds,<\/p>\n<p>P\u00e4ivi Uljas,<\/p>\n<p>Thomas Wallgren,<\/p>\n<p>Eeva Kaukoluoto,<\/p>\n<p>Vivan Storlund,<\/p>\n<p>P\u00e4ivi Uljas<\/p>\n<p>ja Marja-Liisa Viher\u00e4.<\/p>\n<p><strong>Toiminantarkastaja<\/strong><\/p>\n<p>Pekka Luoma,\u00a0varalla Raimo Parikka.<\/p>\n","protected":false},"excerpt":{"rendered":"<p>T\u00e4ss\u00e4 esitell\u00e4\u00e4n Hyvinvointivaltion vaalijat ry:n toimintakertomus vuodelta 2011 ja toimintasuunnitelma vuodelta 2012. Vuoden 2011 tilinp\u00e4\u00e4t\u00f6s ja vuoden 2012 talousarvio esitell\u00e4\u00e4n vuosikokouksessa.<\/p>\n<p>Hyvinvointivaltion vaalijat ry <\/p>\n<p>Toimintakertomus vuodelta 2011<\/p>\n<p>Hallitus kokoontui kahdeksan kertaa. Siihen kuuluivat puheenjohtajana Juha Nurmela ja j\u00e4senin\u00e4 Markku Kek\u00e4l\u00e4inen (varapuheenjohtaja, joka erosi hallituksesta omasta aloitteestaan syyskuussa, Pirkko Justander (yhdistyksen sihteeri), Olli Salin (rahastonhoitaja), [&#8230;]<\/p>\n","protected":false},"author":2,"featured_media":0,"parent":0,"menu_order":0,"comment_status":"open","ping_status":"closed","template":"","meta":{"footnotes":""},"class_list":["post-245","page","type-page","status-publish","hentry","odd"],"_links":{"self":[{"href":"https:\/\/hyvinvointivaltio.fi\/index.php?rest_route=\/wp\/v2\/pages\/245","targetHints":{"allow":["GET"]}}],"collection":[{"href":"https:\/\/hyvinvointivaltio.fi\/index.php?rest_route=\/wp\/v2\/pages"}],"about":[{"href":"https:\/\/hyvinvointivaltio.fi\/index.php?rest_route=\/wp\/v2\/types\/page"}],"author":[{"embeddable":true,"href":"https:\/\/hyvinvointivaltio.fi\/index.php?rest_route=\/wp\/v2\/users\/2"}],"replies":[{"embeddable":true,"href":"https:\/\/hyvinvointivaltio.fi\/index.php?rest_route=%2Fwp%2Fv2%2Fcomments&post=245"}],"version-history":[{"count":7,"href":"https:\/\/hyvinvointivaltio.fi\/index.php?rest_route=\/wp\/v2\/pages\/245\/revisions"}],"predecessor-version":[{"id":449,"href":"https:\/\/hyvinvointivaltio.fi\/index.php?rest_route=\/wp\/v2\/pages\/245\/revisions\/449"}],"wp:attachment":[{"href":"https:\/\/hyvinvointivaltio.fi\/index.php?rest_route=%2Fwp%2Fv2%2Fmedia&parent=245"}],"curies":[{"name":"wp","href":"https:\/\/api.w.org\/{rel}","templated":true}]}}