{"id":2,"date":"2009-10-27T08:22:09","date_gmt":"2009-10-27T06:22:09","guid":{"rendered":"http:\/\/www.hyvinvointivaltio.fi\/?page_id=2"},"modified":"2023-05-04T18:52:14","modified_gmt":"2023-05-04T16:52:14","slug":"about","status":"publish","type":"page","link":"https:\/\/hyvinvointivaltio.fi\/?page_id=2","title":{"rendered":"YHTEYSTIEDOT"},"content":{"rendered":"<p>[simple-staff-list]<\/p>\n<p><a href=\"#\">S\u00e4hk\u00f6posti:<\/a> juha.nurmela1@gmail.com<\/p>\n<div class=\"custom-infobox\"><a href=\"#\">Tekstiviestit nroon: 040-8319466 <\/a><br \/>\nUUSI J\u00c4SEN MUISTATHAN L\u00c4HETT\u00c4\u00c4 AINAKIN S\u00c4HK\u00d6SPOSTIOSOITTEESI s\u00e4hk\u00f6postiin juha.nurmela1@gmail.com, my\u00f6s k\u00e4nnykk\u00e4numero ja postiosoite olisivat suotavat<\/div>\n","protected":false},"excerpt":{"rendered":"<p>[simple-staff-list]<\/p>\n<p>S\u00e4hk\u00f6posti: juha.nurmela1@gmail.com<\/p>\n<p> Tekstiviestit nroon: 040-8319466 UUSI J\u00c4SEN MUISTATHAN L\u00c4HETT\u00c4\u00c4 AINAKIN S\u00c4HK\u00d6SPOSTIOSOITTEESI s\u00e4hk\u00f6postiin juha.nurmela1@gmail.com, my\u00f6s k\u00e4nnykk\u00e4numero ja postiosoite olisivat suotavat <\/p>\n","protected":false},"author":1,"featured_media":0,"parent":0,"menu_order":0,"comment_status":"open","ping_status":"open","template":"","meta":{"footnotes":""},"class_list":["post-2","page","type-page","status-publish","hentry","odd"],"_links":{"self":[{"href":"https:\/\/hyvinvointivaltio.fi\/index.php?rest_route=\/wp\/v2\/pages\/2","targetHints":{"allow":["GET"]}}],"collection":[{"href":"https:\/\/hyvinvointivaltio.fi\/index.php?rest_route=\/wp\/v2\/pages"}],"about":[{"href":"https:\/\/hyvinvointivaltio.fi\/index.php?rest_route=\/wp\/v2\/types\/page"}],"author":[{"embeddable":true,"href":"https:\/\/hyvinvointivaltio.fi\/index.php?rest_route=\/wp\/v2\/users\/1"}],"replies":[{"embeddable":true,"href":"https:\/\/hyvinvointivaltio.fi\/index.php?rest_route=%2Fwp%2Fv2%2Fcomments&post=2"}],"version-history":[{"count":20,"href":"https:\/\/hyvinvointivaltio.fi\/index.php?rest_route=\/wp\/v2\/pages\/2\/revisions"}],"predecessor-version":[{"id":991,"href":"https:\/\/hyvinvointivaltio.fi\/index.php?rest_route=\/wp\/v2\/pages\/2\/revisions\/991"}],"wp:attachment":[{"href":"https:\/\/hyvinvointivaltio.fi\/index.php?rest_route=%2Fwp%2Fv2%2Fmedia&parent=2"}],"curies":[{"name":"wp","href":"https:\/\/api.w.org\/{rel}","templated":true}]}}