{"id":13,"date":"2009-11-04T22:35:26","date_gmt":"2009-11-04T20:35:26","guid":{"rendered":"http:\/\/www.hyvinvointivaltio.fi\/?page_id=13"},"modified":"2010-04-28T11:04:38","modified_gmt":"2010-04-28T09:04:38","slug":"hyvan-saannot","status":"publish","type":"page","link":"https:\/\/hyvinvointivaltio.fi\/?page_id=13","title":{"rendered":"HYVAN S\u00c4\u00c4NN\u00d6T"},"content":{"rendered":"<h3>1. Yhdistyksen nimi ja kotipaikka<\/p>\n<h4>Yhdistyksen nimi on Hyvinvointivaltion vaalijat ry.<\/h4>\n<\/h3>\n<h4>Yhdistyksest\u00e4 voidaan k\u00e4ytt\u00e4\u00e4 ep\u00e4virallista lyhennett\u00e4 HYVA.<\/h4>\n<h4>Sen kotipaikka on Helsinki.<\/h4>\n<h3>2. Tarkoitus ja toiminta<\/h3>\n<p>Yhdistyksen tarkoituksena on vaalia poliittisesti sitoutumattomana, kaikille avoimena, voittoa tavoittelemattomana yhdistyksen\u00e4 yhteiskunnallista ja sosiaalista arvopohjaa, joka perustuu hyvinvointipalvelujen universalismiin, ihmisoikeuksiin ja kest\u00e4v\u00e4\u00e4n kehitykseen sek\u00e4 toimia pohjoismaisen hyvinvointivaltiomallin s\u00e4ilytt\u00e4misen puolesta.<\/p>\n<p>Tarkoituksensa toteuttamiseksi yhdistys:<br \/>\n&#8211; ker\u00e4\u00e4 ja v\u00e4litt\u00e4\u00e4 tieteellisiin tutkimuksiin sek\u00e4 arkiel\u00e4m\u00e4n kokemukseen perustuvaa tietoa hyvinvointivaltion eduista ja hy\u00f6dyist\u00e4.<br \/>\n&#8211; etsii toimivia indikaattoreita hyvinvoinnin laaja-alaiseksi mittaamiseksi<br \/>\n&#8211; j\u00e4rjest\u00e4\u00e4 seminaareja sek\u00e4 valistus- ja tiedotustilaisuuksia.<br \/>\n&#8211; her\u00e4tt\u00e4\u00e4 keskustelua pohjoismaisen hyvinvointivaltion toimivuudesta my\u00f6s globaalissa olosuhteissa.<br \/>\n&#8211; osallistuu keskusteluun hyvinvoinnin ep\u00e4kohdista sek\u00e4 sen kehitt\u00e4misest\u00e4 ja tulevaisuuden vaihtoehdoista kansalaisten ja sukupuolten tasa-arvon n\u00e4k\u00f6kulmasta.<br \/>\n&#8211; tekee pohjoismaista ja kansainv\u00e4list\u00e4 yhteisty\u00f6t\u00e4<\/p>\n<p>Toimintansa tukemiseksi yhdistys voi<br \/>\n&#8211; ottaa vastaan avustuksia, lahjoituksia ja testamentteja<br \/>\n&#8211; omistaa toimintaansa varten kiinte\u00e4\u00e4 ja irtainta omaisuutta<br \/>\n&#8211; toimeenpanna asianomaisen luvan saatuaan rahanker\u00e4yksi\u00e4 ja arpajaisia.<\/p>\n<h3>3. J\u00e4senet<\/h3>\n<p>Yhdistykseen varsinaiseksi j\u00e4seneksi voidaan hyv\u00e4ksy\u00e4 henkil\u00f6 tai oikeuskelpoinen yhteis\u00f6, joka hyv\u00e4ksyy yhdistyksen tarkoituksen.<\/p>\n<p>Kannattajaj\u00e4seneksi voidaan hyv\u00e4ksy\u00e4 yksityinen henkil\u00f6 tai oikeuskelpoinen yhteis\u00f6, joka haluaa tukea yhdistyksen tarkoitusta ja toimintaa.<\/p>\n<p>Varsinaiset j\u00e4senet ja kannattajaj\u00e4senet hyv\u00e4ksyy hakemuksesta yhdistyksen hallitus.<\/p>\n<h3>4. J\u00e4senen eroaminen ja erottaminen<\/h3>\n<p>J\u00e4senell\u00e4 on oikeus erota yhdistyksest\u00e4 ilmoittamalla siit\u00e4 kirjallisesti hallitukselle tai sen puheenjohtajalle taikka ilmoittamalla erosta yhdistyksen kokouksessa merkitt\u00e4v\u00e4ksi p\u00f6yt\u00e4kirjaan.<\/p>\n<p>Hallitus voi erottaa j\u00e4senen yhdistyksest\u00e4, jos j\u00e4sen on j\u00e4tt\u00e4nyt er\u00e4\u00e4ntyneen j\u00e4senmaksunsa maksamatta tai muuten j\u00e4tt\u00e4nyt t\u00e4ytt\u00e4m\u00e4tt\u00e4 ne velvoitukset, joihin h\u00e4n on yhdistykseen liittym\u00e4ll\u00e4 sitoutunut tai on menettelyll\u00e4\u00e4n yhdistyksess\u00e4 tai sen ulkopuolella huomattavasti vahingoittanut yhdistyst\u00e4 tai ei en\u00e4\u00e4 t\u00e4yt\u00e4 laissa taikka yhdistyksen s\u00e4\u00e4nn\u00f6iss\u00e4 mainittuja j\u00e4senyyden ehtoja.<\/p>\n<h3>5. Liittymis- ja j\u00e4senmaksu<\/h3>\n<p>Varsinaisina j\u00e4senin\u00e4 olevilta yksityisilt\u00e4 henkil\u00f6ilt\u00e4 ja yhteis\u00f6ilt\u00e4 voidaan peri\u00e4 erisuuruiset liittymismaksut ja vuotuiset j\u00e4senmaksut. Ne ja kannattajaj\u00e4senilt\u00e4 peritt\u00e4v\u00e4n liittymismaksun ja vuotuisen j\u00e4senmaksun suuruudesta p\u00e4\u00e4tt\u00e4\u00e4 vuosikokous.<\/p>\n<h3>6. Hallitus<\/h3>\n<p><strong>Yhdistyksen asioita hoitaa hallitus, johon kuuluu vuosikokouksessa valittu puheenjohtaja ja v\u00e4hint\u00e4\u00e4n 6 ja enint\u00e4\u00e4n 20 muuta j\u00e4sent\u00e4.<\/strong><\/p>\n<p>Hallituksen toimikausi on vuosikokousten v\u00e4linen aika.<\/p>\n<p>Hallitus valitsee keskuudestaan varapuheenjohtajan sek\u00e4 ottaa keskuudestaan tai ulkopuoleltaan sihteerin, rahastonhoitajan ja muut tarvittavat toimihenkil\u00f6t.<\/p>\n<p>Hallitus kokoontuu puheenjohtajan tai h\u00e4nen estyneen\u00e4 ollessaan varapuheenjohtajan kutsusta, kun he katsovat siihen olevan aihetta tai kun v\u00e4hint\u00e4\u00e4n puolet hallituksen j\u00e4senist\u00e4 sit\u00e4 vaatii.<\/p>\n<p>Hallitus on p\u00e4\u00e4t\u00f6svaltainen, kun v\u00e4hint\u00e4\u00e4n nelj\u00e4 sen j\u00e4senist\u00e4, puheenjohtaja tai varapuheenjohtaja mukaan luettuna on l\u00e4sn\u00e4. \u00c4\u00e4nestykset ratkaistaan yksinkertaisella \u00e4\u00e4nten enemmist\u00f6ll\u00e4. \u00c4\u00e4nten menness\u00e4 tasan ratkaisee puheenjohtajan \u00e4\u00e4ni, vaaleissa kuitenkin arpa.<\/p>\n<h3>7. Yhdistyksen nimen kirjoittaminen<\/h3>\n<p>Yhdistyksen nimen kirjoittaa hallituksen puheenjohtaja, varapuheenjohtaja, sihteeri tai rahastonhoitaja, kaksi yhdess\u00e4.<\/p>\n<h3>8. Tilikausi ja tilintarkastus<\/h3>\n<p>Yhdistyksen tilikausi on kalenterivuosi.<\/p>\n<p>Tilinp\u00e4\u00e4t\u00f6s tarvittavine asiakirjoineen ja hallituksen vuosikertomus on annettava tilintarkastajille viimeist\u00e4\u00e4n kolme viikkoa ennen vuosikokousta. Tilintarkastajien tulee antaa kirjallinen lausuntonsa viimeist\u00e4\u00e4n kaksi viikkoa ennen vuosikokousta hallitukselle.<\/p>\n<h3>9. Yhdistyksen kokoukset<\/h3>\n<p><strong>Yhdistyksen vuosikokous pidet\u00e4\u00e4n vuosittain hallituksen m\u00e4\u00e4r\u00e4\u00e4m\u00e4n\u00e4 p\u00e4iv\u00e4n\u00e4 tammi-toukokuussa.<\/strong><\/p>\n<p>Ylim\u00e4\u00e4r\u00e4inen kokous pidet\u00e4\u00e4n, kun yhdistyksen kokous niin p\u00e4\u00e4tt\u00e4\u00e4 tai kun hallitus katsoo siihen olevan aihetta tai kun v\u00e4hint\u00e4\u00e4n kymmenesosa (1\/10) yhdistyksen \u00e4\u00e4nioikeutetuista j\u00e4senist\u00e4 sit\u00e4 hallitukselta erityisesti ilmoitettua asiaa varten kirjallisesti vaatii. Kokous on pidett\u00e4v\u00e4 kolmenkymmenen vuorokauden kuluessa siit\u00e4, kun vaatimus sen pit\u00e4misest\u00e4 on esitetty hallitukselle.<\/p>\n<p>Yhdistyksen kokouksissa on jokaisella varsinaisella j\u00e4senell\u00e4 yksi \u00e4\u00e4ni. Kannattajaj\u00e4senell\u00e4 on kokouksessa l\u00e4sn\u00e4olo- ja puheoikeus.<\/p>\n<p>Yhdistyksen kokouksen p\u00e4\u00e4t\u00f6kseksi tulee, ellei s\u00e4\u00e4nn\u00f6iss\u00e4 ole toisin m\u00e4\u00e4r\u00e4tty, se mielipide, jota on kannattanut yli puolet annetuista \u00e4\u00e4nist\u00e4. \u00c4\u00e4nten menness\u00e4 tasan ratkaisee kokouksen puheenjohtajan \u00e4\u00e4ni, vaaleissa kuitenkin arpa.<\/p>\n<h3>10. Yhdistyksen kokousten koollekutsuminen<\/h3>\n<p>Hallituksen on kutsuttava yhdistyksen kokoukset koolle v\u00e4hint\u00e4\u00e4n seitsem\u00e4n vuorokautta ennen kokousta s\u00e4hk\u00f6postilla j\u00e4senen ilmoittamaan osoitteeseen tai postitse.<\/p>\n<h3>11. Vuosikokous<\/h3>\n<p>Yhdistyksen vuosikokouksessa k\u00e4sitell\u00e4\u00e4n seuraavat asiat:<br \/>\n1. kokouksen avaus<br \/>\n2. valitaan kokouksen puheenjohtaja, sihteeri, kaksi p\u00f6yt\u00e4kirjantarkastajaa ja tarvittaessa kaksi \u00e4\u00e4ntenlaskijaa<br \/>\n3. todetaan kokouksen laillisuus ja p\u00e4\u00e4t\u00f6svaltaisuus<br \/>\n4. hyv\u00e4ksyt\u00e4\u00e4n kokouksen ty\u00f6j\u00e4rjestys<br \/>\n5. esitet\u00e4\u00e4n tilinp\u00e4\u00e4t\u00f6s, vuosikertomus ja tilintarkastajien lausunto<br \/>\n6. p\u00e4\u00e4tet\u00e4\u00e4n tilinp\u00e4\u00e4t\u00f6ksen vahvistamisesta ja vastuuvapauden my\u00f6nt\u00e4misest\u00e4 hallitukselle ja muille vastuuvelvollisille<br \/>\n7. vahvistetaan toimintasuunnitelma, tulo- ja menoarvio sek\u00e4 liittymis- ja j\u00e4senmaksujen suuruudet<br \/>\n8. valitaan hallituksen puheenjohtaja ja muut j\u00e4senet<br \/>\n9. valitaan yksi tai kaksi tilintarkastajaa ja heille varatilintarkastajat<br \/>\n10. k\u00e4sitell\u00e4\u00e4n muut kokouskutsussa mainitut asiat.<\/p>\n<p>Vuosikokous voi lis\u00e4ksi valita yhdistykselle neuvottelukunnan, johon kuuluu v\u00e4hint\u00e4\u00e4n 15 ja enint\u00e4\u00e4n 50 j\u00e4sent\u00e4 ja jonka teht\u00e4v\u00e4n\u00e4 on toimia neuvoa antavana elimen\u00e4 yhdistyksen toiminnan suunnittelussa.<\/p>\n<p>Mik\u00e4li yhdistyksen j\u00e4sen haluaa saada jonkin asian yhdistyksen vuosikokouksen k\u00e4sitelt\u00e4v\u00e4ksi, on h\u00e4nen ilmoitettava siit\u00e4 kirjallisesti hallitukselle niin hyviss\u00e4 ajoin, ett\u00e4 asia voidaan sis\u00e4llytt\u00e4\u00e4 kokouskutsuun.<\/p>\n<h3>12. S\u00e4\u00e4nt\u00f6jen muuttaminen ja yhdistyksen purkaminen<\/h3>\n<p>P\u00e4\u00e4t\u00f6s s\u00e4\u00e4nt\u00f6jen muuttamisesta ja yhdistyksen purkamisesta on teht\u00e4v\u00e4 yhdistyksen kokouksessa v\u00e4hint\u00e4\u00e4n kolmen nelj\u00e4sosan (3\/4) enemmist\u00f6ll\u00e4 annetuista \u00e4\u00e4nist\u00e4. Kokouskutsussa on mainittava s\u00e4\u00e4nt\u00f6jen muuttamisesta tai yhdistyksen purkamisesta.<\/p>\n<p>Yhdistyksen purkautuessa k\u00e4ytet\u00e4\u00e4n yhdistyksen varat yhdistyksen tarkoituksen edist\u00e4miseen purkamisesta p\u00e4\u00e4tt\u00e4v\u00e4n kokouksen m\u00e4\u00e4r\u00e4\u00e4m\u00e4ll\u00e4 tavalla. Yhdistyksen tullessa lakkautetuksi k\u00e4ytet\u00e4\u00e4n sen varat samaan tarkoitukseen.<\/p>\n","protected":false},"excerpt":{"rendered":"<p>1. Yhdistyksen nimi ja kotipaikka<\/p>\n<p> Yhdistyksen nimi on Hyvinvointivaltion vaalijat ry. Yhdistyksest\u00e4 voidaan k\u00e4ytt\u00e4\u00e4 ep\u00e4virallista lyhennett\u00e4 HYVA. Sen kotipaikka on Helsinki. 2. Tarkoitus ja toiminta <\/p>\n<p>Yhdistyksen tarkoituksena on vaalia poliittisesti sitoutumattomana, kaikille avoimena, voittoa tavoittelemattomana yhdistyksen\u00e4 yhteiskunnallista ja sosiaalista arvopohjaa, joka perustuu hyvinvointipalvelujen universalismiin, ihmisoikeuksiin ja kest\u00e4v\u00e4\u00e4n kehitykseen sek\u00e4 toimia pohjoismaisen hyvinvointivaltiomallin s\u00e4ilytt\u00e4misen puolesta.<\/p>\n<p>Tarkoituksensa [&#8230;]<\/p>\n","protected":false},"author":2,"featured_media":0,"parent":2,"menu_order":2,"comment_status":"closed","ping_status":"closed","template":"","meta":{"footnotes":""},"class_list":["post-13","page","type-page","status-publish","hentry","odd"],"_links":{"self":[{"href":"https:\/\/hyvinvointivaltio.fi\/index.php?rest_route=\/wp\/v2\/pages\/13","targetHints":{"allow":["GET"]}}],"collection":[{"href":"https:\/\/hyvinvointivaltio.fi\/index.php?rest_route=\/wp\/v2\/pages"}],"about":[{"href":"https:\/\/hyvinvointivaltio.fi\/index.php?rest_route=\/wp\/v2\/types\/page"}],"author":[{"embeddable":true,"href":"https:\/\/hyvinvointivaltio.fi\/index.php?rest_route=\/wp\/v2\/users\/2"}],"replies":[{"embeddable":true,"href":"https:\/\/hyvinvointivaltio.fi\/index.php?rest_route=%2Fwp%2Fv2%2Fcomments&post=13"}],"version-history":[{"count":6,"href":"https:\/\/hyvinvointivaltio.fi\/index.php?rest_route=\/wp\/v2\/pages\/13\/revisions"}],"predecessor-version":[{"id":85,"href":"https:\/\/hyvinvointivaltio.fi\/index.php?rest_route=\/wp\/v2\/pages\/13\/revisions\/85"}],"up":[{"embeddable":true,"href":"https:\/\/hyvinvointivaltio.fi\/index.php?rest_route=\/wp\/v2\/pages\/2"}],"wp:attachment":[{"href":"https:\/\/hyvinvointivaltio.fi\/index.php?rest_route=%2Fwp%2Fv2%2Fmedia&parent=13"}],"curies":[{"name":"wp","href":"https:\/\/api.w.org\/{rel}","templated":true}]}}